{"id":562,"date":"2015-09-18T15:26:16","date_gmt":"2015-09-18T15:26:16","guid":{"rendered":"http:\/\/caa.rks-gov.net\/?page_id=562&#038;lang=sr"},"modified":"2025-02-10T11:31:26","modified_gmt":"2025-02-10T09:31:26","slug":"naknade-za-usluge-vazdusne-navigacije","status":"publish","type":"page","link":"https:\/\/caa.rks-gov.net\/sr\/ekonomska-regulacija\/naknade-za-usluge-vazdusne-navigacije\/","title":{"rendered":"Naknade za usluge vazdu\u0161ne navigacije"},"content":{"rendered":"<p><span lang=\"sr\">ACV je odgovoran za ekonomsko regulisanje pru\u017eaoca usluga u vazdu\u0161noj navigaciji u Republici Kosovo. Ekonomska regulacija ovih operatera podrazumeva mere koje regulator vazduhoplovstva preduzima kako bi osigurao da su tarife koje postavlja pru\u017eaoc usluga u vazdu\u0161noj navigaciji za avio-kompanije razumne, transparentne i ne-diskriminatorske. \u0160tavi\u0161e, regulator osigurava da su ove tarife postavljene nakon konsultacija izme\u0111u pru\u017eaoca i korisnika usluga nude\u0107i jedan drugome podatke na transparentan na\u010din.<\/span><\/p>\n<p><span lang=\"sr\">Usvajanje tarife za usluge u vazdu\u0161noj navigaciji se vr\u0161i na osnovu Uredbe br. 3\/2016 o ACV-a o zajedni\u010dkoj \u0161emi tarifa za usluge u vazdu\u0161noj navigaciji, \u0161to transponuje u potpunosti Uredbu br. 1794\/2006 EK-a.<\/span><\/p>\n<p><strong>Primenljiva naknada<\/strong><\/p>\n<ul>\n<li><a href=\"https:\/\/caa.rks-gov.net\/wp-content\/uploads\/2025\/02\/SRB-Vendimi-nr-15-ZDP-VE-2024.docx\">Odluka br. 15\/2024 za tarife terminalne jedinice za 2025 godinu.<\/a><\/li>\n<\/ul>\n\n\n<p><\/p>\n","protected":false},"excerpt":{"rendered":"<p>ACV je odgovoran za ekonomsko regulisanje pru\u017eaoca usluga u vazdu\u0161noj navigaciji u Republici Kosovo. Ekonomska regulacija ovih operatera podrazumeva mere&#8230;<\/p>\n","protected":false},"author":14,"featured_media":0,"parent":251,"menu_order":0,"comment_status":"closed","ping_status":"closed","template":"","meta":[],"_links":{"self":[{"href":"https:\/\/caa.rks-gov.net\/sr\/wp-json\/wp\/v2\/pages\/562"}],"collection":[{"href":"https:\/\/caa.rks-gov.net\/sr\/wp-json\/wp\/v2\/pages"}],"about":[{"href":"https:\/\/caa.rks-gov.net\/sr\/wp-json\/wp\/v2\/types\/page"}],"author":[{"embeddable":true,"href":"https:\/\/caa.rks-gov.net\/sr\/wp-json\/wp\/v2\/users\/14"}],"replies":[{"embeddable":true,"href":"https:\/\/caa.rks-gov.net\/sr\/wp-json\/wp\/v2\/comments?post=562"}],"version-history":[{"count":7,"href":"https:\/\/caa.rks-gov.net\/sr\/wp-json\/wp\/v2\/pages\/562\/revisions"}],"predecessor-version":[{"id":14889,"href":"https:\/\/caa.rks-gov.net\/sr\/wp-json\/wp\/v2\/pages\/562\/revisions\/14889"}],"up":[{"embeddable":true,"href":"https:\/\/caa.rks-gov.net\/sr\/wp-json\/wp\/v2\/pages\/251"}],"wp:attachment":[{"href":"https:\/\/caa.rks-gov.net\/sr\/wp-json\/wp\/v2\/media?parent=562"}],"curies":[{"name":"wp","href":"https:\/\/api.w.org\/{rel}","templated":true}]}}