{"id":560,"date":"2015-09-18T15:25:53","date_gmt":"2015-09-18T15:25:53","guid":{"rendered":"http:\/\/caa.rks-gov.net\/?page_id=560&#038;lang=sr"},"modified":"2021-10-04T10:23:56","modified_gmt":"2021-10-04T08:23:56","slug":"aerodromske-naknade","status":"publish","type":"page","link":"https:\/\/caa.rks-gov.net\/sr\/ekonomska-regulacija\/aerodromske-naknade\/","title":{"rendered":"Aerodromske naknade"},"content":{"rendered":"<p>ACV je odgovoran za ekonomsku regulaciju aerodroma u Republici Kosovo. Ekonomska regulacija ovih operatera podrazumeva mere koje se preduzimaju od strane regulatora vazduhoplovstva kako bi se obezbedilo da tarife koje stavlja aerodrom su razumne, transparentne i ne-diskriminatorske. \u0160tavi\u0161e, regulator garantuje da su ove tarife postavljene samo nakon me\u0111usobnih konsultacija izme\u0111u pru\u017eaoca i korisnika usluga, nude\u0107i podatke jedan drugome na transparentan na\u010din. ACV reguli\u0161e i odobrava samo vazduhoplovne tarife koje se odnose na usluge koje isklju\u010divo pru\u017ea aerodrom, bez ikakve konkurencije, kao \u0161to su tarife za usluge putnika, tarife za sletanje, tarife za parkiranje vazduhoplova, itd. ACV tako\u0111e usvaja podsticaje koje se daju avio-kompanijama kada uslovi za njihovo pru\u017eanje nisu diskriminatorski i daju se u skladu sa ICAO i EU standardima. Tokom vr\u0161enja nadle\u017enosti ove prirode, ACV posebnu pa\u017enju daje obavezi koju operater aerodroma ima za konsultacije sa avio-kompanijama vezano za tarife, podsticajnim programom, itd, nude\u0107i jedan drugome podatke na transparentan na\u010din.<\/p>\n<p>U junu 2015. godine stupila je na snagu Uredba br. 3\/2015 ACV-a o aerodromskim tarifama koja stavlja van snage prethodnu uredbu br. 1\/2011. Ova uredba u potpunosti transponuje Direktivu br. 2009\/12 EC o aerodromskim tarifama.<\/p>\n<p><strong>Primenjive naknade<\/strong><\/p>\n<ul>\n<li><a href=\"http:\/\/caa.rks-gov.net\/wp-content\/uploads\/2018\/01\/Incentive-Program-2018-2020.pdf\">Podsticajni program 2018-2020 u MAP Adem Jashari<\/a><\/li>\n<\/ul>\n<ul>\n<li style=\"list-style-type: none;\">\n<ul>\n<li><a href=\"http:\/\/caa.rks-gov.net\/wp-content\/uploads\/2018\/01\/Odluka-02-VE-2018-serbisht.pdf\">Odluka 02\/2018 Program podsticaja 2018-2020 za MAP Adem Jashari<\/a><\/li>\n<\/ul>\n<\/li>\n<li><a href=\"https:\/\/caa.rks-gov.net\/wp-content\/uploads\/2021\/07\/PIA-Incentive-Program-20-22-.pdf.pdf\">Podsticajni program 2020-2022 u MAP Adem Jashari<\/a>\n<ul>\n<li><a href=\"https:\/\/caa.rks-gov.net\/wp-content\/uploads\/2020\/05\/SRB-Vendim-per-programin-nxites-2020-2022.pdf\">Odluka 06\/2020 Program podsticaja 2020-2022 za MAP Adem Jashari<\/a><\/li>\n<\/ul>\n<\/li>\n<li><a href=\"https:\/\/caa.rks-gov.net\/wp-content\/uploads\/2021\/09\/Modified-PIA-Incentive-Program-2020-2022-v-Aug-2021.pdf\">Podsticajni program 2020-2022 u MAP Adem Jashari (aug 2021)<\/a>\n<ul>\n<li><a href=\"https:\/\/gzk.rks-gov.net\/ActDetail.aspx?ActID=47894\">Odluka 08\/2021 Program podsticaja 2020-2022 za MAP Adem Jashari<\/a><\/li>\n<\/ul>\n<\/li>\n<\/ul>\n","protected":false},"excerpt":{"rendered":"<p>ACV je odgovoran za ekonomsku regulaciju aerodroma u Republici Kosovo. Ekonomska regulacija ovih operatera podrazumeva mere koje se preduzimaju od&#8230;<\/p>\n","protected":false},"author":14,"featured_media":0,"parent":251,"menu_order":0,"comment_status":"closed","ping_status":"closed","template":"","meta":[],"_links":{"self":[{"href":"https:\/\/caa.rks-gov.net\/sr\/wp-json\/wp\/v2\/pages\/560"}],"collection":[{"href":"https:\/\/caa.rks-gov.net\/sr\/wp-json\/wp\/v2\/pages"}],"about":[{"href":"https:\/\/caa.rks-gov.net\/sr\/wp-json\/wp\/v2\/types\/page"}],"author":[{"embeddable":true,"href":"https:\/\/caa.rks-gov.net\/sr\/wp-json\/wp\/v2\/users\/14"}],"replies":[{"embeddable":true,"href":"https:\/\/caa.rks-gov.net\/sr\/wp-json\/wp\/v2\/comments?post=560"}],"version-history":[{"count":8,"href":"https:\/\/caa.rks-gov.net\/sr\/wp-json\/wp\/v2\/pages\/560\/revisions"}],"predecessor-version":[{"id":11416,"href":"https:\/\/caa.rks-gov.net\/sr\/wp-json\/wp\/v2\/pages\/560\/revisions\/11416"}],"up":[{"embeddable":true,"href":"https:\/\/caa.rks-gov.net\/sr\/wp-json\/wp\/v2\/pages\/251"}],"wp:attachment":[{"href":"https:\/\/caa.rks-gov.net\/sr\/wp-json\/wp\/v2\/media?parent=560"}],"curies":[{"name":"wp","href":"https:\/\/api.w.org\/{rel}","templated":true}]}}