{"id":558,"date":"2015-09-18T15:30:14","date_gmt":"2015-09-18T15:30:14","guid":{"rendered":"http:\/\/caa.rks-gov.net\/?page_id=558&#038;lang=sr"},"modified":"2016-11-08T09:29:37","modified_gmt":"2016-11-08T09:29:37","slug":"usluge-vazdusne-navigacije-uvn","status":"publish","type":"page","link":"https:\/\/caa.rks-gov.net\/sr\/atmans\/usluge-vazdusne-navigacije-uvn\/","title":{"rendered":"Usluge vazdu\u0161ne navigacije (UVN)"},"content":{"rendered":"<p>Izraz \u201eUsluge vazdu\u0161ne navigacije&#8220; se koristi za grupu usluga koje se pru\u017eaju vazduhoplovima u vazduhu kako bi bezbedno leteli sa jednog odredi\u0161ta na drugo.<\/p>\n<p>&nbsp;<\/p>\n<p><strong>Usluga kontrole vazdu\u0161nog saobra\u0107aja (KVS)<\/strong><\/p>\n<p>Usluga kontrole vazdu\u0161nog saobra\u0107aja je usluga koja se pru\u017ea od strane licenciranih slu\u017ebenika KVS-a kako bi se:<\/p>\n<ul>\n<li>Izbegli sudari:\n<ul>\n<li>izme\u0111u vazduhoplova<\/li>\n<li>u manevarskom prostoru izme\u0111u vazduhoplova i prepreka; kao i<\/li>\n<\/ul>\n<\/li>\n<li>Ubrzao i odr\u017eavao uredan protok vazdu\u0161nog saobra\u0107aja.<\/li>\n<\/ul>\n<p>&nbsp;<\/p>\n<p><strong>Usluga komunikacije, navigacije i nadzora (KNN)<\/strong><\/p>\n<p>Usluga komunikacije, navigacije i nadzora je tehni\u010dki stub sistema Upravljanja vazdu\u0161nog saobra\u0107aja (UVS). Ova usluga se brine o planiranju, ugra\u0111ivanju i odr\u017eavanju tehni\u010dkih sistema koji koriste slu\u017ebenici KVS-a za pru\u017eanje usluga kontrole vazdu\u0161nog saobra\u0107aja.<\/p>\n<p>Usluga komunikacije je odgovorna za komunikacione sisteme prenosa glasa i podataka koji se koriste za komunikaciju vazduh-zemlja izme\u0111u pilota i slu\u017ebenika KVS-a i za komunikaciju izme\u0111u jedinica KVS-a i drugih relevantnih osoba.<\/p>\n<p>Usluga navigacije je odgovorna za navigacionu opremu instaliranu na zemlji, koja omogu\u0107ava efikasnu i bezbednu navigaciju vazduhoplova u vazduhu. Ovi ure\u0111aji neprestano prenose radio signale koji poma\u017eu vazduhoplove da utvrde njihov polo\u017eaj u prostoru, bez obzira na vremenske uslove. Navigacioni ure\u0111aji igraju klju\u010dnu ulogu, posebno u sistemima za sletanje pomo\u0107u instrumenata (ILS), koji omogu\u0107avaju sletanje vazduhoplova samo na osnovu signala koji se prenose iz ovih ure\u0111aja.<\/p>\n<p>Usluga nadzora je odgovorna za sisteme nadzora, koji pru\u017eaju slu\u017ebeniku KVS-a vizuelni prikaz vazduhoplova koji lete preko kontrolisanog vazdu\u0161nog prostora. Tradicionalni sistemi za nadzor, kao \u0161to su primarni i sekundarni radari, su jo\u0161 uvek sistemi koji se radije koriste od strane Pru\u017eaoca usluga vazdu\u0161ne navigacije (PUVN). Me\u0111utim, savremeni sistemi, koji se oslanjaju na satelitski signal, kao \u0161to su ADS-B i MLAT, po\u010deli su da se uveliko instaliraju po evropskim aerodromima.<\/p>\n<p>&nbsp;<\/p>\n<p><strong>Slu\u017eba vazduhoplovnog informisanja (AIS)<\/strong><\/p>\n<p>Cilj slu\u017ebe vazduhoplovnog informisanja je da se obezbedi protok potrebnih vazduhoplovnih informacija\/podataka o bezbednosti, redu, ekonomiji i efikasnosti me\u0111unarodne vazdu\u0161ne navigacije. AIS je odgovorna za prikupljanje\/razvrstanje, ure\u0111ivanje, formatiranje, objavljivanje i distribuciju vazduhoplovnih podataka kod pilota, jedinice KVS-a i drugih relevantnih stranaka. Vazduhoplovni podaci, u zavisnosti od prirode informacije, objavljuju i distribuiraju se preko ovih klju\u010dnih dokumenata:<\/p>\n<ul>\n<li>Zbornik vazduhoplovnih informacija (AIP)<\/li>\n<li>NOTAM-a<\/li>\n<li>Vazduhoplovni informativni cirkulari (AIC)<\/li>\n<li>Pretpoletni informativni bilten (PIB)<\/li>\n<\/ul>\n<p>&nbsp;<\/p>\n<p><a href=\"http:\/\/caa.rks-gov.net\/sr\/category\/aip-sr\/\">AIP Kosova<\/a><\/p>\n<p>&nbsp;<\/p>\n<p><strong>Meteorolo\u0161ka usluga<\/strong><\/p>\n<p>Meteorolo\u0161ka usluga pru\u017ea korisnicima vazdu\u0161nog prostora, jedinicama KVS-a i drugim relevantnim stranama, informacije o meteorolo\u0161kim uslovima. Ova usluga pru\u017ea izve\u0161taje o pra\u0107enju vremena, kao \u0161to su METAR, SPECI, itd., kao i preglede vremenske prognoze, kao \u0161to su TAF i SIGMET. Meteorolo\u0161ka usluga tako\u0111e pru\u017ea upozorenja i druge va\u017ene informacije o meteorolo\u0161kim vremenskim uslovima koji mogu uticati na vazduhoplove u vazduhu i na zemlji, zgradama i opremi aerodroma, aerodromskih slu\u017ebi i vazduhoplovih usluga na pisti.<\/p>\n","protected":false},"excerpt":{"rendered":"<p>Izraz \u201eUsluge vazdu\u0161ne navigacije&#8220; se koristi za grupu usluga koje se pru\u017eaju vazduhoplovima u vazduhu kako bi bezbedno leteli sa&#8230;<\/p>\n","protected":false},"author":14,"featured_media":0,"parent":314,"menu_order":0,"comment_status":"closed","ping_status":"closed","template":"","meta":[],"_links":{"self":[{"href":"https:\/\/caa.rks-gov.net\/sr\/wp-json\/wp\/v2\/pages\/558"}],"collection":[{"href":"https:\/\/caa.rks-gov.net\/sr\/wp-json\/wp\/v2\/pages"}],"about":[{"href":"https:\/\/caa.rks-gov.net\/sr\/wp-json\/wp\/v2\/types\/page"}],"author":[{"embeddable":true,"href":"https:\/\/caa.rks-gov.net\/sr\/wp-json\/wp\/v2\/users\/14"}],"replies":[{"embeddable":true,"href":"https:\/\/caa.rks-gov.net\/sr\/wp-json\/wp\/v2\/comments?post=558"}],"version-history":[{"count":4,"href":"https:\/\/caa.rks-gov.net\/sr\/wp-json\/wp\/v2\/pages\/558\/revisions"}],"predecessor-version":[{"id":5200,"href":"https:\/\/caa.rks-gov.net\/sr\/wp-json\/wp\/v2\/pages\/558\/revisions\/5200"}],"up":[{"embeddable":true,"href":"https:\/\/caa.rks-gov.net\/sr\/wp-json\/wp\/v2\/pages\/314"}],"wp:attachment":[{"href":"https:\/\/caa.rks-gov.net\/sr\/wp-json\/wp\/v2\/media?parent=558"}],"curies":[{"name":"wp","href":"https:\/\/api.w.org\/{rel}","templated":true}]}}