{"id":556,"date":"2015-09-18T15:28:47","date_gmt":"2015-09-18T15:28:47","guid":{"rendered":"http:\/\/caa.rks-gov.net\/?page_id=556&#038;lang=sr"},"modified":"2016-11-08T09:15:07","modified_gmt":"2016-11-08T09:15:07","slug":"jedinstveno-evropsko-nebo-jen","status":"publish","type":"page","link":"https:\/\/caa.rks-gov.net\/sr\/atmans\/jedinstveno-evropsko-nebo-jen\/","title":{"rendered":"Jedinstveno Evropsko Nebo (JEN)"},"content":{"rendered":"<p>Projekat Jedinstveno Evropsko Nebo ima za cilj da uskladi operacije i kontrolne sisteme vazdu\u0161nog saobra\u0107aja \u0161irom Evrope kako bi se pobolj\u0161ala efikasnost i smanjila ka\u0161njenja koja se nadovezuju sa kontrolom vazdu\u0161nog saobra\u0107aja.<\/p>\n<p>Ovaj projekat proizilazi kao odgovor na dramati\u010dan porast vazdu\u0161nog saobra\u0107ajem, kojeg svedo\u010di rast u poslednje dve decenije. Kao zaklju\u010dak, Evropska komisija je usvojila dva paketa Jedinstvenog Evropskog Neba kako bi se stvorio pravni okvir za evropsko vazduhoplovstvo.<\/p>\n<p>Drugim paketom Jedinstvenog Evropskog Neba (JEN II) ura\u0111en je korak napred prema stavljanju ciljeva u klju\u010dnim oblastima bezbednosti, kapaciteta mre\u017ee, efikasnosti i uticaja na \u017eivotnu sredinu.<\/p>\n<p>Sa tehnolo\u0161ke strane, JEN podr\u017eava Program za istra\u017eivanje u UVS Jedinstvenog Evropskog Neba (Single European Sky ATM Research &#8211; SESAR), koji \u0107e obezbediti naprednu tehnologiju i postupke sa idejom da se modernizuje i vr\u0161i optimizacija budu\u0107e evropske mre\u017ee UVS-a.<\/p>\n<p>Vi\u0161e informacija o Jedinstvenom Evropskom Nebu i SESAR mogu se na\u0107i na:<\/p>\n<p><a href=\"http:\/\/www.eurocontrol.int\/dossiers\/single-european-sky\">http:\/\/www.eurocontrol.int\/dossiers\/single-european-sky<\/a><\/p>\n<p><a href=\"http:\/\/ec.europa.eu\/transport\/modes\/air\/single_european_sky\/ses_2_en.htm\">http:\/\/ec.europa.eu\/transport\/modes\/air\/single_european_sky\/ses_2_en.htm<\/a><\/p>\n<p><a href=\"http:\/\/www.sesarju.eu\/\">http:\/\/www.sesarju.eu\/<\/a><\/p>\n<p>&nbsp;<\/p>\n<p><strong>Interoperabilnost<\/strong><\/p>\n<p>Uredba br. 11\/2009 o interoperabilnosti (EK br. 552\/2004) postavlja zahteve koji pru\u017eaju odre\u0111enu grupu standarda za kontrolu komponenata i sistema vazdu\u0161nog saobra\u0107aja \u0161irom Evrope, obezbe\u0111uju\u0107i da sistem jedne zemlje u potpunosti bude uskla\u0111en sa onim iz neke druge zemlje.<\/p>\n<p>Interoperabilnost se mo\u017ee primeniti na slede\u0107im sistemima i komponentama, koji su deo Evropske mre\u017ee za upravljanje vazdu\u0161nim saobra\u0107ajem (REMTA):<\/p>\n<ol>\n<li>Sistemi i procedure za upravljanje vazdu\u0161nim prostorom.<\/li>\n<li>Sistemi i procedure za upravljanje toka vazdu\u0161nog saobra\u0107aja.<\/li>\n<li>Sistemi i procedure za usluge vazdu\u0161nog saobra\u0107aja, sa naglaskom na sistemima za obradu podataka leta, sistemima za obradu podataka nadzora kao i sistemima posredovanja \u010dovek-ma\u0161ina.<\/li>\n<li>Komunikacioni sistemi i procedure za komunikaciju zemlja-zemlja, vazduh-zemlja i vazduh-vazduh.<\/li>\n<li>Navigacioni sistemi i procedure.<\/li>\n<li>Nadzorni sistemi i procedure.<\/li>\n<li>Sistemi i procedure za usluge vazduhoplovnih informacija.<\/li>\n<li>Sistemi i procedure za kori\u0161\u0107enje meteorolo\u0161kih informacija.<\/li>\n<\/ol>\n<p>NNA je odgovoran da nadgleda usagla\u0161enost pru\u017eaoca usluga sa Uredbom o interoperabilnosti prilikom uvo\u0111enja promena u svojim sistemima UVN-a i u postoje\u0107im sistemima.<\/p>\n<p>Pru\u017eaoc usluga treba da obezbedi spisak postoje\u0107ih sistema UVS definisanjem \u0161ta se smatra Sistem, a \u0161ta se smatra Komponenta, sa naglaskom na interoperabilnost.<\/p>\n<p>Slede\u0107e stranice pru\u017eaju smernice za pru\u017eaoce usluga vazdu\u0161ne navigacije:<\/p>\n<p><a href=\"http:\/\/www.eurocontrol.int\/articles\/conformity-assessment-guidelines\">http:\/\/www.eurocontrol.int\/articles\/conformity-assessment-guidelines<\/a><\/p>\n<p><a href=\"http:\/\/www.eurocontrol.int\/articles\/list-example-constituents-and-standards-cns-domain\">http:\/\/www.eurocontrol.int\/articles\/list-example-constituents-and-standards-cns-domain<\/a><\/p>\n<p>Uzorak:<\/p>\n<p>Izjava EK o uskla\u0111enosti (dok)<\/p>\n<p>Izjava EK o podobnosti za upotrebu (dok)<\/p>\n<p>Izjava EK o verifikaciji (dok)<\/p>\n","protected":false},"excerpt":{"rendered":"<p>Projekat Jedinstveno Evropsko Nebo ima za cilj da uskladi operacije i kontrolne sisteme vazdu\u0161nog saobra\u0107aja \u0161irom Evrope kako bi se&#8230;<\/p>\n","protected":false},"author":14,"featured_media":0,"parent":314,"menu_order":0,"comment_status":"closed","ping_status":"closed","template":"","meta":[],"_links":{"self":[{"href":"https:\/\/caa.rks-gov.net\/sr\/wp-json\/wp\/v2\/pages\/556"}],"collection":[{"href":"https:\/\/caa.rks-gov.net\/sr\/wp-json\/wp\/v2\/pages"}],"about":[{"href":"https:\/\/caa.rks-gov.net\/sr\/wp-json\/wp\/v2\/types\/page"}],"author":[{"embeddable":true,"href":"https:\/\/caa.rks-gov.net\/sr\/wp-json\/wp\/v2\/users\/14"}],"replies":[{"embeddable":true,"href":"https:\/\/caa.rks-gov.net\/sr\/wp-json\/wp\/v2\/comments?post=556"}],"version-history":[{"count":5,"href":"https:\/\/caa.rks-gov.net\/sr\/wp-json\/wp\/v2\/pages\/556\/revisions"}],"predecessor-version":[{"id":5198,"href":"https:\/\/caa.rks-gov.net\/sr\/wp-json\/wp\/v2\/pages\/556\/revisions\/5198"}],"up":[{"embeddable":true,"href":"https:\/\/caa.rks-gov.net\/sr\/wp-json\/wp\/v2\/pages\/314"}],"wp:attachment":[{"href":"https:\/\/caa.rks-gov.net\/sr\/wp-json\/wp\/v2\/media?parent=556"}],"curies":[{"name":"wp","href":"https:\/\/api.w.org\/{rel}","templated":true}]}}