{"id":554,"date":"2015-09-18T15:26:25","date_gmt":"2015-09-18T15:26:25","guid":{"rendered":"http:\/\/caa.rks-gov.net\/?page_id=554&#038;lang=sr"},"modified":"2016-11-08T09:14:42","modified_gmt":"2016-11-08T09:14:42","slug":"vazdusni-proctor","status":"publish","type":"page","link":"https:\/\/caa.rks-gov.net\/sr\/atmans\/vazdusni-proctor\/","title":{"rendered":"Vazdu\u0161ni proctor"},"content":{"rendered":"<p><span lang=\"sr\" style=\"font-size: 10.5pt; font-family: 'Arial','sans-serif'; color: #100f0f;\">Vazdu\u0161ni prostor Kosova je od septembra 1999. godine deo \u201eZajedni\u010dkog operativnog prostora Balkana &#8211; JOA&#8220; NATO-a, pod operativnom kontrolom Centra za kontrolu kombinovanih vazdu\u0161nih operacija 5 (Combined Air Operations Control 5 \u2013 CAOC5), koji je 2014. godine preba\u010den kod Centra Torrejon kombinovanih vazdu\u0161nih operacija (Combined Air Operation Centre Torrejon CAOC TJ). Ovaj vazdu\u0161ni prostor je kontrolisani prostor u kojem se pru\u017eaju usluge za vazdu\u0161ni saobra\u0107aj.<\/span><\/p>\n<p><span lang=\"sr\" style=\"font-size: 10.5pt; font-family: 'Arial','sans-serif'; color: #100f0f;\">Niskim vazdu\u0161nim prostorom Kosova (ispod nivoa leta 205) upravlja\/kontroli\u0161e Agencija za usluge vazdu\u0161ne navigacije, koja pru\u017ea usluge vazdu\u0161ne navigacije za civilne vazduhoplove tokom leta u vazdu\u0161nom prostoru Kosova sa ciljem sletanja i uzletanja sa Pri\u0161tinskog aerodroma. Tako\u0111e, usluge se pru\u017eaju i za letove KFOR-a, EULEKS-a i letove op\u0161teg vazduhoplovstva u niskom vazdu\u0161nom prostoru zemlje. Niski vazdu\u0161ni prostor je klasifikovan kao prostor klase D i F, u skladu sa odredbama o klasifikaciji vazdu\u0161nog prostora iz Aneksa 11 ICAO-a.<\/span><\/p>\n<p><span lang=\"sr\" style=\"font-size: 10.5pt; font-family: 'Arial','sans-serif'; color: #100f0f;\">Gornji vazdu\u0161ni prostor (iznad nivoa leta 205) je otvoren za komercijalni saobra\u0107aj od aprila 2014. godine.<\/span><\/p>\n<p><span lang=\"sr\" style=\"font-size: 10.5pt; font-family: 'Arial','sans-serif'; color: #100f0f;\">U niskom vazdu\u0161nom prostoru, trenutno postoje samo 2 koridora koji se koriste za komercijalni saobra\u0107aj za dolazak i odlazak sa Pri\u0161tinskog Me\u0111unarodnog Aerodroma (PMA) \u201eAdem Jashari&#8220;, a to su XAXAN i SARAX, koji se nalaze na ju\u017enom delu Kosova, na granici sa Makedonijom.<\/span><\/p>\n<p><span lang=\"sr\" style=\"font-size: 10.5pt; font-family: 'Arial','sans-serif'; color: #100f0f;\">Normalizacija niskog vazdu\u0161nog prostora i otvaranje novih koridora je trenutno u pregovorima na sastancima NATO-a za normalizaciju vazdu\u0161nog prostora Balkana.<\/span><\/p>\n","protected":false},"excerpt":{"rendered":"<p>Vazdu\u0161ni prostor Kosova je od septembra 1999. godine deo \u201eZajedni\u010dkog operativnog prostora Balkana &#8211; JOA&#8220; NATO-a, pod operativnom kontrolom Centra&#8230;<\/p>\n","protected":false},"author":14,"featured_media":0,"parent":314,"menu_order":0,"comment_status":"closed","ping_status":"closed","template":"","meta":[],"_links":{"self":[{"href":"https:\/\/caa.rks-gov.net\/sr\/wp-json\/wp\/v2\/pages\/554"}],"collection":[{"href":"https:\/\/caa.rks-gov.net\/sr\/wp-json\/wp\/v2\/pages"}],"about":[{"href":"https:\/\/caa.rks-gov.net\/sr\/wp-json\/wp\/v2\/types\/page"}],"author":[{"embeddable":true,"href":"https:\/\/caa.rks-gov.net\/sr\/wp-json\/wp\/v2\/users\/14"}],"replies":[{"embeddable":true,"href":"https:\/\/caa.rks-gov.net\/sr\/wp-json\/wp\/v2\/comments?post=554"}],"version-history":[{"count":3,"href":"https:\/\/caa.rks-gov.net\/sr\/wp-json\/wp\/v2\/pages\/554\/revisions"}],"predecessor-version":[{"id":5190,"href":"https:\/\/caa.rks-gov.net\/sr\/wp-json\/wp\/v2\/pages\/554\/revisions\/5190"}],"up":[{"embeddable":true,"href":"https:\/\/caa.rks-gov.net\/sr\/wp-json\/wp\/v2\/pages\/314"}],"wp:attachment":[{"href":"https:\/\/caa.rks-gov.net\/sr\/wp-json\/wp\/v2\/media?parent=554"}],"curies":[{"name":"wp","href":"https:\/\/api.w.org\/{rel}","templated":true}]}}