{"id":552,"date":"2015-09-18T15:24:52","date_gmt":"2015-09-18T15:24:52","guid":{"rendered":"http:\/\/caa.rks-gov.net\/?page_id=552&#038;lang=sr"},"modified":"2016-11-08T09:13:54","modified_gmt":"2016-11-08T09:13:54","slug":"sigurnosni-nadzor","status":"publish","type":"page","link":"https:\/\/caa.rks-gov.net\/sr\/atmans\/sigurnosni-nadzor\/","title":{"rendered":"Sigurnosni nadzor"},"content":{"rendered":"<p>Po\u010detni i stalni nadzor je funkcija koju obavlja NNA kako bi se utvrdilo da su ciljevi i zahtevi ispunjeni na efikasan na\u010din. NNA \u0107e vr\u0161iti proveru, prvenstveno putem procesa revizije, koja mo\u017ee uklju\u010diti direktne uzorke za izdavanje rezultata ili efikasnosti procesa ili procedura pru\u017eaoca usluga.<\/p>\n<p>NNA mo\u017ee koristiti usluge Poznatih organizacija, Posebnih tela i eksperata kako bi potvrdio uskla\u0111enost sa primenjivim zahtevima. Tako\u0111e, NNA mo\u017ee uzeti u obzir, kada je prikladno, rezultate procena dobijenih od akreditovanih tela.<\/p>\n<p><strong>Po\u010detni nadzor <\/strong>je proces putem kojeg NNA prima objektivne informacije kako bi omogu\u0107io dono\u0161enje odluke da se dozvoli jednoj organizaciji da operi\u0161e u jednoj odre\u0111enoj funkcionalnoj zoni UVS-a.<\/p>\n<p>U kontekstu Uredbe (EK) br. 1034\/2011, transponovane u Republici Kosovo putem Uredbe br. 6\/2012, i Uredbe (EK) br. 550\/2004, transponovane putem Uredbe br. 9\/2009, ta odluka mo\u017ee biti povezana sa:<\/p>\n<ul>\n<li>izdavanjem ili obnavljanjem sertifikata,<\/li>\n<li>omogu\u0107avanjem delegiranja ili nastavkom delegiranja od strane jedne dr\u017eave u kojoj organizacija poseduje sertifikat o pru\u017eanju usluga unutar jednog specifi\u010dnog vazdu\u0161nog prostora,<\/li>\n<li>predlo\u017eene operacije novih sistema i promena u sistemima UVS-a, ili<\/li>\n<li>nadzor uskla\u0111enosti sa uredbom o interakciji, osnovnim zahtevima, pravilima sprovo\u0111enja i\/ili specifikacija zajednice.<\/li>\n<\/ul>\n<p>Iz tog razloga, po\u010detni nadzor se primenjuje za sertifikovanje pru\u017eanja UVN-a, kao i uvo\u0111enju novih sistema i velikih promena u postoje\u0107im sistemima.<\/p>\n<p>Ukoliko je promena \u201evelika\u201c ili \u201emala\u201c, odgovornost je pru\u017eaoca usluga da demonstrira kod NNA da \u0107e dobijeni sistemi ispuniti sve neophodne zahteve tokom \u010ditavog \u017eivotnog ciklusa. Pru\u017eiocima UVN-a se tra\u017ei putem Uredbe br. 6\/2012 da obaveste NNA o bilo kojoj planiranoj \u201evelikoj\u201c ili \u201emaloj\u201c promeni.<\/p>\n<p>Za \u201eveliku\u201c promenu, prihvatanje bezbednosne dokumentacije (safety case), pre nego \u0161to je promena sprovedena, je na\u010din prihvatanja promena od strane NNA, dok se \u201emala\u201c promena obi\u010dno direktno primenjuje kroz proceduru i proces unutar Sistema upravljanja bezbedno\u0161\u0107u (SMS) pru\u017eaoca usluga i mo\u017ee biti pod nadzorom tokom revizije SMS-a.<\/p>\n<p><strong>Kontinuirani nadzor <\/strong>je funkcija koju obavlja NNA da bi se potvrdilo da ciljevi i regulatorni zahtevi nastavljaju sa ispunjenjem tokom radnog veka funkcije ili sistema.<\/p>\n<p>Metoda kojom se posti\u017ee kontinuirani bezbednosni nadzor uklju\u010duje pra\u0107enje bezbednosnog u\u010dinka i reviziju, koje se vr\u0161e na redovnim osnovama, ali se mogu preduzeti i ad-hoc aktivnosti kada dobijena informacija pokazuje da je takva akcija neophodna.<\/p>\n<p>Podaci iz kontinuiranog nadzora \u0107e biti kori\u0161\u0107eni za pra\u0107enje Bezbednosnog u\u010dinka i ostvarivanju Nacionalnih bezbednosnih ciljeva, i da \u0107e biti kori\u0161\u0107ene za pobolj\u0161anje kvaliteta propisa i pravila bezbednosti. U posebnim slu\u010dajevima, nalazi iz kontinuiranih nadzora mogu se koristiti kao osnova za izdavanje bezbednosnih direktiva.<\/p>\n<p>NNA svake godina priprema godi\u0161nji program revizija svih organizacija i usluga koje su u nadle\u017enosti nadzora NNA.<\/p>\n<p>Program \u0107e biti sveobuhvatan kako bi se osiguralo da NNA ispunjava svoje nadzorne obaveze. Proces planiranja je zasnovan na riziku i prima informacijama iz razli\u010ditih izvora, uklju\u010duju\u0107i:<\/p>\n<ul>\n<li>Prate\u0107e aktivnosti za proveru sprovo\u0111enja korektivnih aktivnosti koje se odnose na prethodne revizije, koje zbog nekog razloga nisu mogle da re\u0161e celokupan delokrug zahteva.<\/li>\n<li>Prate\u0107e aktivnosti za proveru uskla\u0111enosti sa bezbednosnim zahtevima koji proizilaze od procena bezbednosti i zahteva koji proizilaze iz Uredbe o interoperabilnosti (11\/2009).<\/li>\n<li>Aktivnosti koje treba sprovesti zbog identifikacije odre\u0111enih oblasti ili zabrinutosti u vezi sa bezbednim pru\u017eanjem usluga.<\/li>\n<\/ul>\n<p>Nadzor koji treba izvr\u0161iti za po\u010detnu sertifikaciju pru\u017eaoca usluga\/licenciranih instituta za obuku od prijema prijave za sertifikaciju.<\/p>\n","protected":false},"excerpt":{"rendered":"<p>Po\u010detni i stalni nadzor je funkcija koju obavlja NNA kako bi se utvrdilo da su ciljevi i zahtevi ispunjeni na&#8230;<\/p>\n","protected":false},"author":14,"featured_media":0,"parent":314,"menu_order":0,"comment_status":"closed","ping_status":"closed","template":"","meta":[],"_links":{"self":[{"href":"https:\/\/caa.rks-gov.net\/sr\/wp-json\/wp\/v2\/pages\/552"}],"collection":[{"href":"https:\/\/caa.rks-gov.net\/sr\/wp-json\/wp\/v2\/pages"}],"about":[{"href":"https:\/\/caa.rks-gov.net\/sr\/wp-json\/wp\/v2\/types\/page"}],"author":[{"embeddable":true,"href":"https:\/\/caa.rks-gov.net\/sr\/wp-json\/wp\/v2\/users\/14"}],"replies":[{"embeddable":true,"href":"https:\/\/caa.rks-gov.net\/sr\/wp-json\/wp\/v2\/comments?post=552"}],"version-history":[{"count":3,"href":"https:\/\/caa.rks-gov.net\/sr\/wp-json\/wp\/v2\/pages\/552\/revisions"}],"predecessor-version":[{"id":5196,"href":"https:\/\/caa.rks-gov.net\/sr\/wp-json\/wp\/v2\/pages\/552\/revisions\/5196"}],"up":[{"embeddable":true,"href":"https:\/\/caa.rks-gov.net\/sr\/wp-json\/wp\/v2\/pages\/314"}],"wp:attachment":[{"href":"https:\/\/caa.rks-gov.net\/sr\/wp-json\/wp\/v2\/media?parent=552"}],"curies":[{"name":"wp","href":"https:\/\/api.w.org\/{rel}","templated":true}]}}