{"id":550,"date":"2015-09-18T15:22:44","date_gmt":"2015-09-18T15:22:44","guid":{"rendered":"http:\/\/caa.rks-gov.net\/?page_id=550&#038;lang=sr"},"modified":"2016-11-08T09:13:11","modified_gmt":"2016-11-08T09:13:11","slug":"sertifikacija","status":"publish","type":"page","link":"https:\/\/caa.rks-gov.net\/sr\/atmans\/sertifikacija\/","title":{"rendered":"Sertifikacija"},"content":{"rendered":"<p><strong>Pru\u017eaoci usluga vazdu\u0161ne navigacije <\/strong><\/p>\n<p>Sve organizacije koje pru\u017eaju usluge vazdu\u0161ne navigacije unutar Republike Kosovo podle\u017eu sertifikaciji od strane ACV-a. ACV u svojoj ulozi kao Nacionalni nadzorni autoritet (NNA), \u0107e izdati sertifikate pru\u017eaocima usluga vazdu\u0161ne navigacije, u skladu sa Uredbom br. 12\/2010, nakon \u0161to se utvrdi da su u skladu sa op\u0161tim zahtevima za pru\u017eanje usluga vazdu\u0161ne navigacije propisanih u Uredbi br. 7\/2012.<\/p>\n<p>&nbsp;<\/p>\n<p><strong>Organizacije za obu\u010davanje <\/strong><\/p>\n<p>Sve organizacije koje \u017eele da pru\u017ee obuku za kontrolore vazdu\u0161nog saobra\u0107aja, po\u010detnu obuku, obuku jedinice i kontinuiranu obuku, i druge kurseve odobrenih obuka za kontrolu vazdu\u0161nog saobra\u0107aja, moraju da poseduju sertifikat za Organizaciju za obuku, koja potvr\u0111uje uskla\u0111enost sa zahtevima koji se primenjuju prema Uredbi br. 5\/2012 o licenciranju KVS-a.<\/p>\n<p>&nbsp;<\/p>\n<p><strong>Proces sertifikovanja <\/strong><\/p>\n<p>Proces sertifikovanja se sastoji od nekoliko koraka:<\/p>\n<ol>\n<li><strong>Obave\u0161tenje:<\/strong>\u00a0U ovom koraku Pru\u017ealac usluga, koji \u017eeli da bude sertifikovan, obave\u0161tava NNA u vezi sa svrhom prijave za sertifikaciju. Ovim korakom \u0107e po\u010deti sertifikacija unutar NNA, gde \u0107e biti izra\u0111en Plan sertifikacije i gde \u0107e se odrediti tim za sertifikaciju.<\/li>\n<li><strong>Prijava:<\/strong>\u00a0U ovom koraku Pru\u017ealac usluga \u0107e podneti NNA-u prijavu za sertifikaciju. Prijava, pored formalnog zahteva, mora da sadr\u017ei i neophodne informacije kako bi NNA pokrenuo procenu (npr. upitnik o uskla\u0111enosti popunjen od strane Pru\u017eaoca usluga).<\/li>\n<li><strong>Procena od strane NNA:<\/strong>\u00a0NNA, nakon prijema ispunjene prijave za sertifikaciju, po\u010dinje sa po\u010detnim procenama uskla\u0111enosti. Tokom faze procene, NNA prvo procenjuje da li je podnosilac prijave prihvatljiv, zatim razmatra podnesenu dokumentaciju i vr\u0161i reviziju na terenu kako bi proverio uskla\u0111enost sa odgovaraju\u0107im zahtevima. NNA \u0107e obavestiti podnosioca prijave u pisanoj formi o rezultatima procene.<\/li>\n<li><strong>Izdavanje sertifikata:\u00a0<\/strong>Kada se NNA uveri da je podnosilac prijave u skladu sa odgovaraju\u0107im zahtevima, onda izdaje sertifikat. Ovaj sertifikat \u0107e sadr\u017eati informacije o uslugama koje su pokrivene sertifikatom i nekim uslovom koji se primenjjuje.<\/li>\n<li><strong>Korektivne aktivnosti:\u00a0<\/strong>Ako Pru\u017ealac usluga nije u potpunosti u skladu sa primenjivim zahtevima, NNA precizira gde je do\u0161lo do neuskla\u0111enosti (revizorskim izve\u0161tajima) i Pru\u017ealac usluga \u0107e imati mogu\u0107nost sprovo\u0111enja korektivnih aktivnosti kako bi ispunio uskla\u0111enost. Kada Pru\u017ealac usluga bude sproveo korektivne aktivnosti, treba da obavesti NNA i da ona potom proceni da li je postignuta uskla\u0111enost.<\/li>\n<\/ol>\n<p>Ako NNA zaklju\u010di da postoji neuskla\u0111enost sa zahtevima i ako je vidljivo da podnosilac prijave ne \u017eeli ili nije u stanju da nastavi proces sertifikovanja, NNA ima pravo da okon\u010da proces podno\u0161enja prijave.<\/p>\n<p>Gore opisani proces sertifikovanja je primenjiv za sve kompanije i organizacije, kojima je primarno mesto poslovanja i registracije na Kosovu.<\/p>\n","protected":false},"excerpt":{"rendered":"<p>Pru\u017eaoci usluga vazdu\u0161ne navigacije Sve organizacije koje pru\u017eaju usluge vazdu\u0161ne navigacije unutar Republike Kosovo podle\u017eu sertifikaciji od strane ACV-a. ACV&#8230;<\/p>\n","protected":false},"author":14,"featured_media":0,"parent":314,"menu_order":0,"comment_status":"closed","ping_status":"closed","template":"","meta":[],"_links":{"self":[{"href":"https:\/\/caa.rks-gov.net\/sr\/wp-json\/wp\/v2\/pages\/550"}],"collection":[{"href":"https:\/\/caa.rks-gov.net\/sr\/wp-json\/wp\/v2\/pages"}],"about":[{"href":"https:\/\/caa.rks-gov.net\/sr\/wp-json\/wp\/v2\/types\/page"}],"author":[{"embeddable":true,"href":"https:\/\/caa.rks-gov.net\/sr\/wp-json\/wp\/v2\/users\/14"}],"replies":[{"embeddable":true,"href":"https:\/\/caa.rks-gov.net\/sr\/wp-json\/wp\/v2\/comments?post=550"}],"version-history":[{"count":2,"href":"https:\/\/caa.rks-gov.net\/sr\/wp-json\/wp\/v2\/pages\/550\/revisions"}],"predecessor-version":[{"id":5185,"href":"https:\/\/caa.rks-gov.net\/sr\/wp-json\/wp\/v2\/pages\/550\/revisions\/5185"}],"up":[{"embeddable":true,"href":"https:\/\/caa.rks-gov.net\/sr\/wp-json\/wp\/v2\/pages\/314"}],"wp:attachment":[{"href":"https:\/\/caa.rks-gov.net\/sr\/wp-json\/wp\/v2\/media?parent=550"}],"curies":[{"name":"wp","href":"https:\/\/api.w.org\/{rel}","templated":true}]}}