{"id":548,"date":"2015-09-18T15:21:43","date_gmt":"2015-09-18T15:21:43","guid":{"rendered":"http:\/\/caa.rks-gov.net\/?page_id=548&#038;lang=sr"},"modified":"2019-05-29T09:07:42","modified_gmt":"2019-05-29T07:07:42","slug":"zastitne-zone-aerodroma","status":"publish","type":"page","link":"https:\/\/caa.rks-gov.net\/sr\/aerodromi\/zastitne-zone-aerodroma\/","title":{"rendered":"Za\u0161titne zone aerodroma"},"content":{"rendered":"<p><span lang=\"sr\">Za\u0161titne zone aerodroma obuhvataju niz povr\u0161ina koja defini\u0161u vazdu\u0161ni prostor u i oko aerodroma, prostor u kom ne sme biti ikakvih prepreka, kako bi se omogu\u0107ile bezbedne operacije vazduhoplova i kako bi se spre\u010dila izgradnja objekata koji bi bili prepreka za funkcionisanje aerodroma.<\/span><\/p>\n<p><span lang=\"sr\">Za\u0161titne zone aerodroma utvr\u0111uju operatori aerodroma prema <a href=\"http:\/\/gzk.rks-gov.net\/ActDetail.aspx?ActID=18153\">Uredbi br. 9\/2018<\/a> o za\u0161titnim zonama aerodroma, u skladu sa standardima poglavlja 4, Aneksa 14 \u010cika\u0161ke konvencije.<\/span><\/p>\n<p><span lang=\"sr\">U cilju odr\u017eavanja bezbednosti civilnog vazduhoplovstva u Republici Kosovo, od velike je va\u017enosti da svi pravni subjekti i fizi\u010dka lica koja poseduju ili planiraju izgradnju nekog objekta u blizini aerodroma, sve institucije koje su prema <a href=\"http:\/\/gzk.rks-gov.net\/ActDetail.aspx?ActID=2532\">Zakonu br. 04\/L-110<\/a> o izgradnji odgovorne za izdavanje gra\u0111evinskih dozvola, kao i svi operatori aerodroma, sara\u0111uju i da po\u0161tuju propisane procedure o za\u0161titnim zonama aerodroma.<\/span><\/p>\n<p><span lang=\"sr\">U cilju podr\u0161ke i olak\u0161avanja u sprovo\u0111enju pravilnika od strane odgovornih vlasti, ACV je objavio priru\u010dnik <a href=\"https:\/\/caa.rks-gov.net\/wp-content\/uploads\/2018\/08\/TP-03-Aerdorome-Protective-Zones-Ver.2-Rev.1-4.pdf\">TP-03 \u201eZa\u0161titne zone aerodroma\u201d<\/a>, koji pru\u017ea tehni\u010dka uputstva za procenu i utvr\u0111ivanje ovih zona.<\/span><\/p>\n","protected":false},"excerpt":{"rendered":"<p>Za\u0161titne zone aerodroma obuhvataju niz povr\u0161ina koja defini\u0161u vazdu\u0161ni prostor u i oko aerodroma, prostor u kom ne sme biti&#8230;<\/p>\n","protected":false},"author":14,"featured_media":0,"parent":236,"menu_order":0,"comment_status":"closed","ping_status":"closed","template":"","meta":[],"_links":{"self":[{"href":"https:\/\/caa.rks-gov.net\/sr\/wp-json\/wp\/v2\/pages\/548"}],"collection":[{"href":"https:\/\/caa.rks-gov.net\/sr\/wp-json\/wp\/v2\/pages"}],"about":[{"href":"https:\/\/caa.rks-gov.net\/sr\/wp-json\/wp\/v2\/types\/page"}],"author":[{"embeddable":true,"href":"https:\/\/caa.rks-gov.net\/sr\/wp-json\/wp\/v2\/users\/14"}],"replies":[{"embeddable":true,"href":"https:\/\/caa.rks-gov.net\/sr\/wp-json\/wp\/v2\/comments?post=548"}],"version-history":[{"count":4,"href":"https:\/\/caa.rks-gov.net\/sr\/wp-json\/wp\/v2\/pages\/548\/revisions"}],"predecessor-version":[{"id":8747,"href":"https:\/\/caa.rks-gov.net\/sr\/wp-json\/wp\/v2\/pages\/548\/revisions\/8747"}],"up":[{"embeddable":true,"href":"https:\/\/caa.rks-gov.net\/sr\/wp-json\/wp\/v2\/pages\/236"}],"wp:attachment":[{"href":"https:\/\/caa.rks-gov.net\/sr\/wp-json\/wp\/v2\/media?parent=548"}],"curies":[{"name":"wp","href":"https:\/\/api.w.org\/{rel}","templated":true}]}}