{"id":546,"date":"2015-09-18T15:20:47","date_gmt":"2015-09-18T15:20:47","guid":{"rendered":"http:\/\/caa.rks-gov.net\/?page_id=546&#038;lang=sr"},"modified":"2019-05-29T09:08:45","modified_gmt":"2019-05-29T07:08:45","slug":"snabdevanje-vazhuhoplova-gorivom","status":"publish","type":"page","link":"https:\/\/caa.rks-gov.net\/sr\/aerodromi\/pruzalac-usluga-zemaljskog-opsluzivanja\/snabdevanje-vazhuhoplova-gorivom\/","title":{"rendered":"Snabdevanje vazhuhoplova gorivom"},"content":{"rendered":"<p><span lang=\"sr\">Snabdevanje vazhuhoplova gorivom mogu obavljati samo specijalizovane kompanije koje imaju infrastrukturu, opremu i kvalifikovano osoblje za skladi\u0161tenje, upravljanje, tretman i bezbedno snabdevanje vazhuhoplova gorivom. U Republici Kosovo ovu vrstu operacija mogu da vr\u0161e samo pru\u017eaoci usluga zemaljskog opslu\u017eivanja za snabdevanje vazhuhoplova gorivom, odobrenih u skladu sa <a href=\"https:\/\/gzk.rks-gov.net\/ActDetail.aspx?ActID=11378\">Uredbom br. 4\/2011<\/a> o pristupu na tr\u017ei\u0161tu usluga zemaljskog opslu\u017eivanja i tehni\u010dkom publikacijom <a href=\"http:\/\/caa.rks-gov.net\/wp-content\/uploads\/2016\/07\/tp-16-kriterijumi-i-postupci-za-izdavanje-dozvole-za-pruzanje-usluga-zemaljskog-opsluzivanja.pdf\">TP \u2013 16 \u201eKriterijumi i procedure za izdavanje odobrenja usluga zemaljskog opslu\u017eivanja\u201d<\/a>.<\/span><\/p>\n<p><span lang=\"sr\">Pored zakonodavstva koji je u delokrugu ACV-a, upravljanje, skladi\u0161tenje, snabdevanje i tretman goriva, podle\u017ee i va\u017ee\u0107em zakonodavstvu drugih dr\u017eavnih regulatornih organa.<\/span><\/p>\n","protected":false},"excerpt":{"rendered":"<p>Snabdevanje vazhuhoplova gorivom mogu obavljati samo specijalizovane kompanije koje imaju infrastrukturu, opremu i kvalifikovano osoblje za skladi\u0161tenje, upravljanje, tretman i&#8230;<\/p>\n","protected":false},"author":14,"featured_media":0,"parent":544,"menu_order":0,"comment_status":"closed","ping_status":"closed","template":"","meta":[],"_links":{"self":[{"href":"https:\/\/caa.rks-gov.net\/sr\/wp-json\/wp\/v2\/pages\/546"}],"collection":[{"href":"https:\/\/caa.rks-gov.net\/sr\/wp-json\/wp\/v2\/pages"}],"about":[{"href":"https:\/\/caa.rks-gov.net\/sr\/wp-json\/wp\/v2\/types\/page"}],"author":[{"embeddable":true,"href":"https:\/\/caa.rks-gov.net\/sr\/wp-json\/wp\/v2\/users\/14"}],"replies":[{"embeddable":true,"href":"https:\/\/caa.rks-gov.net\/sr\/wp-json\/wp\/v2\/comments?post=546"}],"version-history":[{"count":4,"href":"https:\/\/caa.rks-gov.net\/sr\/wp-json\/wp\/v2\/pages\/546\/revisions"}],"predecessor-version":[{"id":8748,"href":"https:\/\/caa.rks-gov.net\/sr\/wp-json\/wp\/v2\/pages\/546\/revisions\/8748"}],"up":[{"embeddable":true,"href":"https:\/\/caa.rks-gov.net\/sr\/wp-json\/wp\/v2\/pages\/544"}],"wp:attachment":[{"href":"https:\/\/caa.rks-gov.net\/sr\/wp-json\/wp\/v2\/media?parent=546"}],"curies":[{"name":"wp","href":"https:\/\/api.w.org\/{rel}","templated":true}]}}