{"id":544,"date":"2015-09-18T15:20:24","date_gmt":"2015-09-18T15:20:24","guid":{"rendered":"http:\/\/caa.rks-gov.net\/?page_id=544&#038;lang=sr"},"modified":"2019-05-29T09:09:58","modified_gmt":"2019-05-29T07:09:58","slug":"pruzalac-usluga-zemaljskog-opsluzivanja","status":"publish","type":"page","link":"https:\/\/caa.rks-gov.net\/sr\/aerodromi\/pruzalac-usluga-zemaljskog-opsluzivanja\/","title":{"rendered":"Pru\u017ealac usluga zemaljskog opslu\u017eivanja"},"content":{"rendered":"<p>Usluge zemaljskog opslu\u017eivanja uklju\u010duju sve usluge neophodne za vazduhoplov tokom njegovog boravka na zemlji. Neke avio kompanije ove usluge dobijaju od drugih kompanija koje pru\u017eaju ove usluge, neke druge avio kompanije preferiraju da ove usluge same izvr\u0161e. Usluge zemaljskog opslu\u017eivanja uklju\u010duju: usluge na platformi, usluge prihvata i otpreme putnika, \u00a0usluge prihvata i otpreme tereta i po\u0161te, kontrola tereta\/balansiranje te\u017eine (\u2018load control\u2019), usluge prihvata i otpreme vazduhoplova, itd.<\/p>\n<p>U cilju utvr\u0111ivanja pravila i procedura koji reguli\u0161u pristup na tr\u017ei\u0161tu usluga zemaljskog opslu\u017eivanja u Republici Kosovo, u skladu sa multilateralnim sporazumom o Zajedni\u010dkom evropskom vazduhoplovnom podru\u010dju i zahteva iz direktiva Saveta EU-a <a href=\"http:\/\/eur-lex.europa.eu\/legal-content\/EN\/ALL\/?uri=CELEX%3A31996L0067\">br. 96\/67\/EC<\/a> o pristupu na tr\u017ei\u0161tu usluga zemaljskog opslu\u017eivanja, ACV je izdala <a href=\"https:\/\/gzk.rks-gov.net\/ActDetail.aspx?ActID=11378\">Uredbu br. 4\/2011<\/a> o pristupu na tr\u017ei\u0161tu usluga zemaljskog opslu\u017eivanja. Prema ovoj uredbi, svaki pru\u017eioc usluga zemaljskog opslu\u017eivanja treba da se prijavi u ACV za odobrenje.<\/p>\n<p>\u0160tavi\u0161e, ACV je objavio <a href=\"http:\/\/caa.rks-gov.net\/wp-content\/uploads\/2016\/07\/tp-16-kriterijumi-i-postupci-za-izdavanje-dozvole-za-pruzanje-usluga-zemaljskog-opsluzivanja.pdf\">TP -16 \u201eKriterijumi i procedure za izdavanje odobrenja usluga zemaljskog opslu\u017eivanja\u201d<\/a>. Kriterijumi su bezbednosne i finansijske prirode, s toga Odeljenje aerodroma i Odeljenje za saradnju i ekonomsko regulisanje vazduhoplovstva u okviru ACV-a, su odgovorne za procenu svih zahteva za odobravanje usluga zemaljskog opslu\u017eivanja na aerodromima Republike Kosovo.<\/p>\n","protected":false},"excerpt":{"rendered":"<p>Usluge zemaljskog opslu\u017eivanja uklju\u010duju sve usluge neophodne za vazduhoplov tokom njegovog boravka na zemlji. Neke avio kompanije ove usluge dobijaju&#8230;<\/p>\n","protected":false},"author":14,"featured_media":0,"parent":236,"menu_order":0,"comment_status":"closed","ping_status":"closed","template":"","meta":[],"_links":{"self":[{"href":"https:\/\/caa.rks-gov.net\/sr\/wp-json\/wp\/v2\/pages\/544"}],"collection":[{"href":"https:\/\/caa.rks-gov.net\/sr\/wp-json\/wp\/v2\/pages"}],"about":[{"href":"https:\/\/caa.rks-gov.net\/sr\/wp-json\/wp\/v2\/types\/page"}],"author":[{"embeddable":true,"href":"https:\/\/caa.rks-gov.net\/sr\/wp-json\/wp\/v2\/users\/14"}],"replies":[{"embeddable":true,"href":"https:\/\/caa.rks-gov.net\/sr\/wp-json\/wp\/v2\/comments?post=544"}],"version-history":[{"count":4,"href":"https:\/\/caa.rks-gov.net\/sr\/wp-json\/wp\/v2\/pages\/544\/revisions"}],"predecessor-version":[{"id":8753,"href":"https:\/\/caa.rks-gov.net\/sr\/wp-json\/wp\/v2\/pages\/544\/revisions\/8753"}],"up":[{"embeddable":true,"href":"https:\/\/caa.rks-gov.net\/sr\/wp-json\/wp\/v2\/pages\/236"}],"wp:attachment":[{"href":"https:\/\/caa.rks-gov.net\/sr\/wp-json\/wp\/v2\/media?parent=544"}],"curies":[{"name":"wp","href":"https:\/\/api.w.org\/{rel}","templated":true}]}}