{"id":542,"date":"2015-09-18T15:20:01","date_gmt":"2015-09-18T15:20:01","guid":{"rendered":"http:\/\/caa.rks-gov.net\/?page_id=542&#038;lang=sr"},"modified":"2019-05-29T09:16:14","modified_gmt":"2019-05-29T07:16:14","slug":"organizacije-za-strucno-osposobljavanje","status":"publish","type":"page","link":"https:\/\/caa.rks-gov.net\/sr\/aerodromi\/organizacije-za-strucno-osposobljavanje\/","title":{"rendered":"Organizacije za stru\u010dno osposobljavanje"},"content":{"rendered":"<p><span lang=\"sr\">Stru\u010dno osposobljavanje i obuka radnika aerodroma i drugih ugovorenih radnika, pru\u017eaoca zemaljskih usluga i korisnika usluga aerodroma koji samostalno obavljaju zemaljske usluge, mo\u017ee se vr\u0161iti samo u Organizacijama za stru\u010dno osposobljavanje koje su odobrene i prihva\u0107ene od strane ACV-a.<\/span><\/p>\n<p><span lang=\"sr\">U Republici Kosovo odobrenje ovih organizacija se vr\u0161i u skladu sa propisima iz <a href=\"http:\/\/gzk.rks-gov.net\/ActDetail.aspx?ActID=11356\">Uredbe br. 1\/2014<\/a>.<\/span><\/p>\n","protected":false},"excerpt":{"rendered":"<p>Stru\u010dno osposobljavanje i obuka radnika aerodroma i drugih ugovorenih radnika, pru\u017eaoca zemaljskih usluga i korisnika usluga aerodroma koji samostalno obavljaju&#8230;<\/p>\n","protected":false},"author":14,"featured_media":0,"parent":236,"menu_order":0,"comment_status":"closed","ping_status":"closed","template":"","meta":[],"_links":{"self":[{"href":"https:\/\/caa.rks-gov.net\/sr\/wp-json\/wp\/v2\/pages\/542"}],"collection":[{"href":"https:\/\/caa.rks-gov.net\/sr\/wp-json\/wp\/v2\/pages"}],"about":[{"href":"https:\/\/caa.rks-gov.net\/sr\/wp-json\/wp\/v2\/types\/page"}],"author":[{"embeddable":true,"href":"https:\/\/caa.rks-gov.net\/sr\/wp-json\/wp\/v2\/users\/14"}],"replies":[{"embeddable":true,"href":"https:\/\/caa.rks-gov.net\/sr\/wp-json\/wp\/v2\/comments?post=542"}],"version-history":[{"count":4,"href":"https:\/\/caa.rks-gov.net\/sr\/wp-json\/wp\/v2\/pages\/542\/revisions"}],"predecessor-version":[{"id":8759,"href":"https:\/\/caa.rks-gov.net\/sr\/wp-json\/wp\/v2\/pages\/542\/revisions\/8759"}],"up":[{"embeddable":true,"href":"https:\/\/caa.rks-gov.net\/sr\/wp-json\/wp\/v2\/pages\/236"}],"wp:attachment":[{"href":"https:\/\/caa.rks-gov.net\/sr\/wp-json\/wp\/v2\/media?parent=542"}],"curies":[{"name":"wp","href":"https:\/\/api.w.org\/{rel}","templated":true}]}}