{"id":540,"date":"2015-09-18T15:19:23","date_gmt":"2015-09-18T15:19:23","guid":{"rendered":"http:\/\/caa.rks-gov.net\/?page_id=540&#038;lang=sr"},"modified":"2019-05-29T09:13:33","modified_gmt":"2019-05-29T07:13:33","slug":"registrovani-aerodromi","status":"publish","type":"page","link":"https:\/\/caa.rks-gov.net\/sr\/aerodromi\/registrovani-aerodromi\/","title":{"rendered":"Registrovani aerodromi"},"content":{"rendered":"<p>Registrovani aerodrom je aerodrom koji se mo\u017ee koristiti samo za nekomercijalne operacije sa vizuelnim pravilima letenja tokom dana.<\/p>\n<p>Naro\u010dito, ACV mo\u017ee izdati i dozvole za kori\u0161\u0107enje registrovanog aerodroma, za obavljanje operacija u cilju:<\/p>\n<ol>\n<li>Realizacije komercijalnih letova, koji po\u010dinju i zavr\u0161avaju na istom registrovanom aerodromu i koji se odvijaju u opsegu do 50 nauti\u010dkih milja od aerodroma, ili<\/li>\n<li>Obuke posade aviona.<\/li>\n<\/ol>\n<p>Zahtevi i uslovi za registraciju aerodroma su propisani <a href=\"http:\/\/gzk.rks-gov.net\/ActDetail.aspx?ActID=11363\">Pravilnikom br. 9\/2015<\/a> o registrovanim aerodromima.<\/p>\n","protected":false},"excerpt":{"rendered":"<p>Registrovani aerodrom je aerodrom koji se mo\u017ee koristiti samo za nekomercijalne operacije sa vizuelnim pravilima letenja tokom dana. Naro\u010dito, ACV&#8230;<\/p>\n","protected":false},"author":14,"featured_media":0,"parent":236,"menu_order":0,"comment_status":"closed","ping_status":"closed","template":"","meta":[],"_links":{"self":[{"href":"https:\/\/caa.rks-gov.net\/sr\/wp-json\/wp\/v2\/pages\/540"}],"collection":[{"href":"https:\/\/caa.rks-gov.net\/sr\/wp-json\/wp\/v2\/pages"}],"about":[{"href":"https:\/\/caa.rks-gov.net\/sr\/wp-json\/wp\/v2\/types\/page"}],"author":[{"embeddable":true,"href":"https:\/\/caa.rks-gov.net\/sr\/wp-json\/wp\/v2\/users\/14"}],"replies":[{"embeddable":true,"href":"https:\/\/caa.rks-gov.net\/sr\/wp-json\/wp\/v2\/comments?post=540"}],"version-history":[{"count":4,"href":"https:\/\/caa.rks-gov.net\/sr\/wp-json\/wp\/v2\/pages\/540\/revisions"}],"predecessor-version":[{"id":8756,"href":"https:\/\/caa.rks-gov.net\/sr\/wp-json\/wp\/v2\/pages\/540\/revisions\/8756"}],"up":[{"embeddable":true,"href":"https:\/\/caa.rks-gov.net\/sr\/wp-json\/wp\/v2\/pages\/236"}],"wp:attachment":[{"href":"https:\/\/caa.rks-gov.net\/sr\/wp-json\/wp\/v2\/media?parent=540"}],"curies":[{"name":"wp","href":"https:\/\/api.w.org\/{rel}","templated":true}]}}