{"id":538,"date":"2015-09-18T15:18:59","date_gmt":"2015-09-18T15:18:59","guid":{"rendered":"http:\/\/caa.rks-gov.net\/?page_id=538&#038;lang=sr"},"modified":"2019-05-29T09:35:58","modified_gmt":"2019-05-29T07:35:58","slug":"odobreni-aerodromi","status":"publish","type":"page","link":"https:\/\/caa.rks-gov.net\/sr\/aerodromi\/odobreni-aerodromi\/","title":{"rendered":"Odobreni aerodromi"},"content":{"rendered":"<p><span lang=\"sr\">U cilju regulisanja bezbednosti aerodroma za javnu upotrebu, Autoritet Civilnog Vazduhoplovstva Republike Kosovo vr\u0161i odobravanje aerodroma prema <a href=\"https:\/\/gzk.rks-gov.net\/ActDetail.aspx?ActID=11361\">Uredbi br. 03\/2012<\/a> o odobrenim aerodromima,izmenjenoj i dopunjenoj <a href=\"https:\/\/gzk.rks-gov.net\/ActDetail.aspx?ActID=18154\">Pravilnikom br. 10\/2018<\/a>, kao i u skladu sa standardima Aneksa 14 \u010cika\u0161ke konvencije. <\/span><span lang=\"sr\">Prema ovoj uredbi izraz \u201eaerodrom\u201d uklju\u010duje helidrome, leteli\u0161ta i povr\u0161ine za jedrilice. <\/span><\/p>\n<p><span lang=\"sr\">Ovi Pravilnici se primenjuju na aerodrome dostupne za javnu civilnu upotrebu, koji:<\/span><\/p>\n<ul>\n<li><span lang=\"sr\">Su izuzeti u skladu sa 5. \u010dlanom <a href=\"https:\/\/gzk.rks-gov.net\/ActDetail.aspx?ActID=15732\">Pravilnika 17\/2017<\/a> o uslovima i administrativnim postupcima vezanih za aerodrome,<\/span><\/li>\n<li><span lang=\"sr\">Imaju asfaltirane piste kra\u0107e od 800 m, i gde se pru\u017eaju operacije instrumentalnog prilaska ili odlaska,<\/span><\/li>\n<li><span lang=\"sr\">Imaju pistu namenjenu za operacije vazduhoplova upotrebom vizuelnih procedura prila\u017eenja ili instrumentalnih procedura prila\u017eenja do ta\u010dke nad kojim se prila\u017eenje mo\u017ee nastaviti u vizuelnim meteorolo\u0161kim uslovima (neinstrumentalna pista),<\/span><\/li>\n<li><span lang=\"sr\">Imaju neasfaltiranu pistu, <\/span><\/li>\n<li><span lang=\"sr\">Slu\u017ee isklju\u010divo za helikoptere gde se pru\u017eaju operacije instrumentalnog prilaska ili odlaska.<\/span><\/li>\n<\/ul>\n<p><span lang=\"sr\">Osnovni uslovi koji treba da se ispune za odobravanje aerodroma detaljno su opisani u <a href=\"https:\/\/gzk.rks-gov.net\/ActDetail.aspx?ActID=11361\">Uredbi br. 03\/2012<\/a> o odobrenim aerodromima.<\/span><\/p>\n","protected":false},"excerpt":{"rendered":"<p>U cilju regulisanja bezbednosti aerodroma za javnu upotrebu, Autoritet Civilnog Vazduhoplovstva Republike Kosovo vr\u0161i odobravanje aerodroma prema Uredbi br. 03\/2012&#8230;<\/p>\n","protected":false},"author":14,"featured_media":0,"parent":236,"menu_order":0,"comment_status":"closed","ping_status":"closed","template":"","meta":[],"_links":{"self":[{"href":"https:\/\/caa.rks-gov.net\/sr\/wp-json\/wp\/v2\/pages\/538"}],"collection":[{"href":"https:\/\/caa.rks-gov.net\/sr\/wp-json\/wp\/v2\/pages"}],"about":[{"href":"https:\/\/caa.rks-gov.net\/sr\/wp-json\/wp\/v2\/types\/page"}],"author":[{"embeddable":true,"href":"https:\/\/caa.rks-gov.net\/sr\/wp-json\/wp\/v2\/users\/14"}],"replies":[{"embeddable":true,"href":"https:\/\/caa.rks-gov.net\/sr\/wp-json\/wp\/v2\/comments?post=538"}],"version-history":[{"count":4,"href":"https:\/\/caa.rks-gov.net\/sr\/wp-json\/wp\/v2\/pages\/538\/revisions"}],"predecessor-version":[{"id":8764,"href":"https:\/\/caa.rks-gov.net\/sr\/wp-json\/wp\/v2\/pages\/538\/revisions\/8764"}],"up":[{"embeddable":true,"href":"https:\/\/caa.rks-gov.net\/sr\/wp-json\/wp\/v2\/pages\/236"}],"wp:attachment":[{"href":"https:\/\/caa.rks-gov.net\/sr\/wp-json\/wp\/v2\/media?parent=538"}],"curies":[{"name":"wp","href":"https:\/\/api.w.org\/{rel}","templated":true}]}}