{"id":536,"date":"2015-09-18T15:18:41","date_gmt":"2015-09-18T15:18:41","guid":{"rendered":"http:\/\/caa.rks-gov.net\/?page_id=536&#038;lang=sr"},"modified":"2019-05-29T09:36:45","modified_gmt":"2019-05-29T07:36:45","slug":"sertifikovani-aerodromi","status":"publish","type":"page","link":"https:\/\/caa.rks-gov.net\/sr\/aerodromi\/sertifikovani-aerodromi\/","title":{"rendered":"Sertifikovani aerodromi"},"content":{"rendered":"<p>U cilju regulisanja bezbednosti aerodroma na raspolaganju za javnu upotrebu, Autoritet Civilnog Vazduhoplovstva Republike Kosovo vr\u0161i sertifikaciju aerodroma u skladu sa\u00a0<a href=\"https:\/\/gzk.rks-gov.net\/ActDetail.aspx?ActID=15732\">Pravilnikom br. 01\/2017<\/a> o uslovima i upravnim postupcima vezanih za aerodrome, u skladu sa standardima za sertifikaciju prema uslovima koje utvr\u0111uje Europska Agenciju za Sigurnost Vazdu\u0161nog Saobra\u0107aja (EASA).<\/p>\n<p>Svaki aerodrom u kojima saobra\u0107aj prelazi 10.000 putnika godi\u0161nje ili ima vi\u0161e od 850 operacija sa tovarom \u00a0godi\u0161nje, du\u017ean je da bude sertifikovan od strane ACV-a.<\/p>\n<p>Najnovija verzija dokumenata \u201cPrihvatljivi na\u010dini usagla\u0161avanja (AMC)\u201d i \u201cUslovi za izdavanje sertifikata (CS\u2019s)\u201d su dostupni na slu\u017ebenoj internet stranici EASA-e:<\/p>\n<ul>\n<li>Acceptable Means of Compliance (AMC) and Guidance Material (GM) \u2013 <a href=\"https:\/\/www.easa.europa.eu\/document-library\/acceptable-means-of-compliance-and-guidance-materials\/group\/adr---aerodromes#group-table\">ADR &#8211; Aerodromes<\/a><\/li>\n<li>Certification Specifications (CS\u2019s) \u2013 <a href=\"https:\/\/www.easa.europa.eu\/document-library\/certification-specifications\/group\/cs-adr-dsn-aerodromes-design#group-table\">CS-ADR-DSN Aerodromes Design<\/a><\/li>\n<\/ul>\n<p>Osnovni uslovi koje treba ispuniti za sertifikaciju aerodroma su detaljno opisani u gore pomenutoj uredbi.<\/p>\n","protected":false},"excerpt":{"rendered":"<p>U cilju regulisanja bezbednosti aerodroma na raspolaganju za javnu upotrebu, Autoritet Civilnog Vazduhoplovstva Republike Kosovo vr\u0161i sertifikaciju aerodroma u skladu&#8230;<\/p>\n","protected":false},"author":14,"featured_media":0,"parent":236,"menu_order":1,"comment_status":"closed","ping_status":"closed","template":"","meta":[],"_links":{"self":[{"href":"https:\/\/caa.rks-gov.net\/sr\/wp-json\/wp\/v2\/pages\/536"}],"collection":[{"href":"https:\/\/caa.rks-gov.net\/sr\/wp-json\/wp\/v2\/pages"}],"about":[{"href":"https:\/\/caa.rks-gov.net\/sr\/wp-json\/wp\/v2\/types\/page"}],"author":[{"embeddable":true,"href":"https:\/\/caa.rks-gov.net\/sr\/wp-json\/wp\/v2\/users\/14"}],"replies":[{"embeddable":true,"href":"https:\/\/caa.rks-gov.net\/sr\/wp-json\/wp\/v2\/comments?post=536"}],"version-history":[{"count":9,"href":"https:\/\/caa.rks-gov.net\/sr\/wp-json\/wp\/v2\/pages\/536\/revisions"}],"predecessor-version":[{"id":8765,"href":"https:\/\/caa.rks-gov.net\/sr\/wp-json\/wp\/v2\/pages\/536\/revisions\/8765"}],"up":[{"embeddable":true,"href":"https:\/\/caa.rks-gov.net\/sr\/wp-json\/wp\/v2\/pages\/236"}],"wp:attachment":[{"href":"https:\/\/caa.rks-gov.net\/sr\/wp-json\/wp\/v2\/media?parent=536"}],"curies":[{"name":"wp","href":"https:\/\/api.w.org\/{rel}","templated":true}]}}