{"id":530,"date":"2015-09-18T15:15:35","date_gmt":"2015-09-18T15:15:35","guid":{"rendered":"http:\/\/caa.rks-gov.net\/?page_id=530&#038;lang=sr"},"modified":"2016-11-08T09:45:11","modified_gmt":"2016-11-08T09:45:11","slug":"kontrollori-vazdusnog-saobracaja","status":"publish","type":"page","link":"https:\/\/caa.rks-gov.net\/sr\/licenciranje-osoblja\/kontrollori-vazdusnog-saobracaja\/","title":{"rendered":"Kontrollori vazdu\u0161nog saobra\u0107aja"},"content":{"rendered":"<h1><\/h1>\n<p><span lang=\"sr\"><span style=\"color: #000000; font-family: Times New Roman;\">ACV garantuje za nadle\u017enost i kvalifikacije kontrolora vazdu\u0161nog saobra\u0107aja (KVS), u skladu sa Uredbom br. 5\/2012 ACV-a koja transponuje Uredbu br. 805\/2011 Evropske <\/span><span style=\"color: #000000; font-family: Times New Roman;\">k<\/span><span style=\"color: #000000; font-family: Times New Roman;\">omisije o Licenciranju KVS-a. Svaka osoba koja \u017eeli da pru\u017ei usluge KVS-a, mora da poseduje licencu kontrolora, koja uklju\u010duje ocenjivanje gradiranja licence koja odgovara zadatku. Licence KVS-a izdaje ACV na osnovu zavr\u0161avanja odobrenih kurseva za obuku, ispitivanja i odgovaraju\u0107e procene.<\/span><\/span><\/p>\n<p><span lang=\"sr\"><span style=\"color: #000000; font-family: Times New Roman;\">Gradiranja pokazuju vrstu usluga KVS-a koju mo\u017ee pru\u017eiti, dok odgovaraju\u0107a procena gradiranja pokazuje specijalizovane poslove u okviru ovih gradacija, u nekim slu\u010dajevima i za opremu koja se koristi za pru\u017eanje usluga. Osim toga, nosiocu licence KVS-a mogu se dati dodatne procene, kao \u0161to mo\u017ee biti procena za instruktora i ispitiva\u010da na radnom mestu (OJT), nakon \u0161to se budu ispunili relevantni zahtevi i nakon zavr\u0161etka odgovaraju\u0107e obuke.<\/span><\/span><\/p>\n<p><span lang=\"sr\"><span style=\"color: #000000; font-family: Times New Roman;\">Odobrenje jedinica pokazuje da je nosilac licence nadle\u017ean za pru\u017eanje usluga kontrole vazdu\u0161nog saobra\u0107aja za odre\u0111eni sektor, grupu sektora ili pozicije radnih mesta u nadle\u017enosti jedinice za usluge vazdu\u0161nog saobra\u0107aja. Odobrenje jedinica se obnavlja svakih 12 meseci, nakon \u0161to nosilac jedinice KVS-a dostavi evidenciju ACV-u u vezi sa procenom nadle\u017enosti i ispunjavanjem odgovaraju\u0107ih zahteva.<\/span><\/span><\/p>\n<p><span lang=\"sr\"><span style=\"color: #000000; font-family: Times New Roman;\">ACV tako\u0111e izdaje licence \u201eKVS student\u201d pojedincima koji su se prijavili i uspe\u0161no zavr\u0161ili odobreni po\u010detni kurs relevantne obuke sa gradiranjem i procenom gradiranja. Student KVS-a mo\u017ee pru\u017eiti usluge KVS-a samo pod nadzorom instruktora OJT.<\/span><\/span><\/p>\n<p><span lang=\"sr\"><span style=\"color: #000000; font-family: Times New Roman;\">\u00a0<\/span><\/span><\/p>\n<p><strong><span lang=\"sr\"><span style=\"color: #000000; font-family: Times New Roman;\">Suspenzija i oduzimanje licence KVS\u00a0 <\/span><\/span><\/strong><\/p>\n<p><span lang=\"sr\"><span style=\"color: #000000; font-family: Times New Roman;\">ACV mo\u017ee suspendovati licencu za KVS, gradiranje ili procenu ukoliko je kompetentnost kontrolora vazdu\u0161nog saobra\u0107aja \u201esumnjiva\u201c ili u slu\u010daju prekr\u0161aja.<\/span><\/span><\/p>\n<p><span lang=\"sr\"><span style=\"color: #000000; font-family: Times New Roman;\">ACV mo\u017ee oduzeti licencu za KVS u slu\u010daju nemara ili zloupotrebe.<\/span><\/span><\/p>\n","protected":false},"excerpt":{"rendered":"<p>ACV garantuje za nadle\u017enost i kvalifikacije kontrolora vazdu\u0161nog saobra\u0107aja (KVS), u skladu sa Uredbom br. 5\/2012 ACV-a koja transponuje Uredbu&#8230;<\/p>\n","protected":false},"author":14,"featured_media":0,"parent":242,"menu_order":0,"comment_status":"closed","ping_status":"closed","template":"","meta":[],"_links":{"self":[{"href":"https:\/\/caa.rks-gov.net\/sr\/wp-json\/wp\/v2\/pages\/530"}],"collection":[{"href":"https:\/\/caa.rks-gov.net\/sr\/wp-json\/wp\/v2\/pages"}],"about":[{"href":"https:\/\/caa.rks-gov.net\/sr\/wp-json\/wp\/v2\/types\/page"}],"author":[{"embeddable":true,"href":"https:\/\/caa.rks-gov.net\/sr\/wp-json\/wp\/v2\/users\/14"}],"replies":[{"embeddable":true,"href":"https:\/\/caa.rks-gov.net\/sr\/wp-json\/wp\/v2\/comments?post=530"}],"version-history":[{"count":4,"href":"https:\/\/caa.rks-gov.net\/sr\/wp-json\/wp\/v2\/pages\/530\/revisions"}],"predecessor-version":[{"id":5178,"href":"https:\/\/caa.rks-gov.net\/sr\/wp-json\/wp\/v2\/pages\/530\/revisions\/5178"}],"up":[{"embeddable":true,"href":"https:\/\/caa.rks-gov.net\/sr\/wp-json\/wp\/v2\/pages\/242"}],"wp:attachment":[{"href":"https:\/\/caa.rks-gov.net\/sr\/wp-json\/wp\/v2\/media?parent=530"}],"curies":[{"name":"wp","href":"https:\/\/api.w.org\/{rel}","templated":true}]}}