{"id":5100,"date":"2016-10-17T06:58:10","date_gmt":"2016-10-17T06:58:10","guid":{"rendered":"http:\/\/caa.rks-gov.net\/sr\/?page_id=5100"},"modified":"2016-10-17T06:59:03","modified_gmt":"2016-10-17T06:59:03","slug":"odobravanje-i-ekonomski-nadzor-operatera","status":"publish","type":"page","link":"https:\/\/caa.rks-gov.net\/sr\/ekonomska-regulacija\/odobravanje-i-ekonomski-nadzor-operatera\/","title":{"rendered":"Odobravanje i ekonomski nadzor operatera"},"content":{"rendered":"<p style=\"margin: 0in; margin-bottom: .0001pt; text-align: justify; line-height: 15.0pt;\"><span lang=\"sr\" style=\"font-size: 10.5pt; font-family: 'Arial',sans-serif; color: #100f0f;\">Osim ispunjavanja uslova bezbednosti za odobravanje ili sertifikaciju operatera, aerodromski operateri, pru\u017eaoci usluga vazdu\u0161ne navigacije ili kompanije koje pru\u017eaju usluge na zemlji bi trebalo da doka\u017eu ACV-a ispunjavanje i ekonomskih uslova. Od operatera se zahteva da doka\u017eu finansijsku odr\u017eivost i posedovanje police osiguranja sa va\u017ee\u0107em pokri\u0107em za \u0161tete koje se mogu napraviti tre\u0107em licu tokom izvr\u0161enja usluga. Finansijska odr\u017eivost operatora obezbe\u0111uje odr\u017eavanje visokog nivoa bezbednosti sa njihove strane tokom operacija.<\/span><\/p>\n<p style=\"text-align: justify; line-height: 15.0pt; margin: 0in 0in 7.5pt 0in;\">\n<p style=\"text-align: justify; line-height: 15.0pt; margin: 0in 0in 7.5pt 0in;\"><span lang=\"sr\" style=\"font-size: 10.5pt; font-family: 'Arial',sans-serif; color: #100f0f;\">Nakon \u0161to su odobreni ili sertifikovani, ovi operateri \u0107e biti pod stalnim nadzorom ACV-a vezano za odr\u017eavanje kriterijuma bezbednosti i ekonomi\u010dnosti. Godi\u0161nji ekonomski nadzor licenciranih operatora se vr\u0161i kroz procenu poslovnog plana, revidiranih finansijskih izve\u0161taja i polise osiguranja. Ekonomski nadzor operatera u Republici Kosovo se vr\u0161i u skladu sa Uredbom br. 3\/2015 o tarifama na aerodromima, Uredbom br. 7\/2012 o uslovima za pru\u017eanje usluga u vazdu\u0161noj navigaciji i Uredbom br. 4\/2011 o pristupu tr\u017ei\u0161ta usluga na zemlji.<\/span><\/p>\n","protected":false},"excerpt":{"rendered":"<p>Osim ispunjavanja uslova bezbednosti za odobravanje ili sertifikaciju operatera, aerodromski operateri, pru\u017eaoci usluga vazdu\u0161ne navigacije ili kompanije koje pru\u017eaju usluge&#8230;<\/p>\n","protected":false},"author":8,"featured_media":0,"parent":251,"menu_order":0,"comment_status":"closed","ping_status":"closed","template":"","meta":[],"_links":{"self":[{"href":"https:\/\/caa.rks-gov.net\/sr\/wp-json\/wp\/v2\/pages\/5100"}],"collection":[{"href":"https:\/\/caa.rks-gov.net\/sr\/wp-json\/wp\/v2\/pages"}],"about":[{"href":"https:\/\/caa.rks-gov.net\/sr\/wp-json\/wp\/v2\/types\/page"}],"author":[{"embeddable":true,"href":"https:\/\/caa.rks-gov.net\/sr\/wp-json\/wp\/v2\/users\/8"}],"replies":[{"embeddable":true,"href":"https:\/\/caa.rks-gov.net\/sr\/wp-json\/wp\/v2\/comments?post=5100"}],"version-history":[{"count":2,"href":"https:\/\/caa.rks-gov.net\/sr\/wp-json\/wp\/v2\/pages\/5100\/revisions"}],"predecessor-version":[{"id":5102,"href":"https:\/\/caa.rks-gov.net\/sr\/wp-json\/wp\/v2\/pages\/5100\/revisions\/5102"}],"up":[{"embeddable":true,"href":"https:\/\/caa.rks-gov.net\/sr\/wp-json\/wp\/v2\/pages\/251"}],"wp:attachment":[{"href":"https:\/\/caa.rks-gov.net\/sr\/wp-json\/wp\/v2\/media?parent=5100"}],"curies":[{"name":"wp","href":"https:\/\/api.w.org\/{rel}","templated":true}]}}