{"id":4374,"date":"2016-06-01T11:56:03","date_gmt":"2016-06-01T11:56:03","guid":{"rendered":"http:\/\/caa.rks-gov.net\/sr\/?page_id=4374"},"modified":"2018-08-13T14:51:28","modified_gmt":"2018-08-13T12:51:28","slug":"kontrolloer","status":"publish","type":"page","link":"https:\/\/caa.rks-gov.net\/sr\/licenciranje-osoblja\/kontrollori-vazdusnog-saobracaja\/kontrolloer\/","title":{"rendered":"Kontroller"},"content":{"rendered":"<p><strong>Licenca KVS<\/strong><\/p>\n<p>Prema uredbi ACV-a br. 5\/2012, podnosilac prijave za KVS mora da:<\/p>\n<ul>\n<li>ima najmanje 21 godinu,<\/li>\n<li>ima licencu studenta kontrolora vazdu\u0161nog saobra\u0107aja;<\/li>\n<li>ima zavr\u0161en odobreni plan obuke za jedinicu i da je uspe\u0161no pro\u0161ao testove ili odgovaraju\u0107e procene;<\/li>\n<li>ima va\u017ee\u0107e lekarsko uverenje;<\/li>\n<li>ima adekvatan nivo poznavanja engleskog jezika u skladu sa navedenim zahtevima u \u010dlanu 13. Uredbe.<\/li>\n<\/ul>\n<p>&nbsp;<\/p>\n<p><strong>Obrazac za prijavu za KVS\/KVS Student (dok)<\/strong><\/p>\n","protected":false},"excerpt":{"rendered":"<p>Licenca KVS Prema uredbi ACV-a br. 5\/2012, podnosilac prijave za KVS mora da: ima najmanje 21 godinu, ima licencu studenta&#8230;<\/p>\n","protected":false},"author":8,"featured_media":0,"parent":530,"menu_order":0,"comment_status":"closed","ping_status":"closed","template":"","meta":[],"_links":{"self":[{"href":"https:\/\/caa.rks-gov.net\/sr\/wp-json\/wp\/v2\/pages\/4374"}],"collection":[{"href":"https:\/\/caa.rks-gov.net\/sr\/wp-json\/wp\/v2\/pages"}],"about":[{"href":"https:\/\/caa.rks-gov.net\/sr\/wp-json\/wp\/v2\/types\/page"}],"author":[{"embeddable":true,"href":"https:\/\/caa.rks-gov.net\/sr\/wp-json\/wp\/v2\/users\/8"}],"replies":[{"embeddable":true,"href":"https:\/\/caa.rks-gov.net\/sr\/wp-json\/wp\/v2\/comments?post=4374"}],"version-history":[{"count":7,"href":"https:\/\/caa.rks-gov.net\/sr\/wp-json\/wp\/v2\/pages\/4374\/revisions"}],"predecessor-version":[{"id":7900,"href":"https:\/\/caa.rks-gov.net\/sr\/wp-json\/wp\/v2\/pages\/4374\/revisions\/7900"}],"up":[{"embeddable":true,"href":"https:\/\/caa.rks-gov.net\/sr\/wp-json\/wp\/v2\/pages\/530"}],"wp:attachment":[{"href":"https:\/\/caa.rks-gov.net\/sr\/wp-json\/wp\/v2\/media?parent=4374"}],"curies":[{"name":"wp","href":"https:\/\/api.w.org\/{rel}","templated":true}]}}