{"id":4368,"date":"2016-06-01T11:55:03","date_gmt":"2016-06-01T11:55:03","guid":{"rendered":"http:\/\/caa.rks-gov.net\/sr\/?page_id=4368"},"modified":"2016-11-08T09:48:34","modified_gmt":"2016-11-08T09:48:34","slug":"student","status":"publish","type":"page","link":"https:\/\/caa.rks-gov.net\/sr\/licenciranje-osoblja\/kontrollori-vazdusnog-saobracaja\/student\/","title":{"rendered":"Student"},"content":{"rendered":"<p><strong>Licenca KVS student<\/strong><\/p>\n<p>Prema uredbi ACV-a br. 5\/2012, podnosilac zahteva za licencu KVS student mora da:<\/p>\n<ul>\n<li>Ima najmanje 18 godina;<\/li>\n<li>Ima najmanje jednu diplomu koja omogu\u0107ava upis u univerzitet ili sli\u010dno, ili bilo koju kvalifikaciju srednjeg obrazovanja, koja omogu\u0107ava da zavr\u0161e obuku za kontrolore vazdu\u0161nog saobra\u0107aja;<\/li>\n<li>Ima uspe\u0161no zavr\u0161enu odobrenu po\u010detnu obuku u skladu sa gradiranjem i, ukoliko je primenjivo, sa procenom gradiranja;<\/li>\n<li>Ima va\u017ee\u0107e lekarsko uverenje;<\/li>\n<li>Poka\u017ee adekvatan nivo poznavanja engleskog jezika.<\/li>\n<\/ul>\n<p>&nbsp;<\/p>\n<p><a href=\"http:\/\/caa.rks-gov.net\/~caa\/caa\/wp-content\/uploads\/2015\/10\/aack-shna-nsa-frm06_atco_applicationform_ver4_final_sq.pdf\"><strong>Obrazac za prijavu za KVS\/KVS Student (dok)<\/strong><\/a><\/p>\n","protected":false},"excerpt":{"rendered":"<p>Licenca KVS student Prema uredbi ACV-a br. 5\/2012, podnosilac zahteva za licencu KVS student mora da: Ima najmanje 18 godina;&#8230;<\/p>\n","protected":false},"author":8,"featured_media":0,"parent":530,"menu_order":0,"comment_status":"closed","ping_status":"closed","template":"","meta":[],"_links":{"self":[{"href":"https:\/\/caa.rks-gov.net\/sr\/wp-json\/wp\/v2\/pages\/4368"}],"collection":[{"href":"https:\/\/caa.rks-gov.net\/sr\/wp-json\/wp\/v2\/pages"}],"about":[{"href":"https:\/\/caa.rks-gov.net\/sr\/wp-json\/wp\/v2\/types\/page"}],"author":[{"embeddable":true,"href":"https:\/\/caa.rks-gov.net\/sr\/wp-json\/wp\/v2\/users\/8"}],"replies":[{"embeddable":true,"href":"https:\/\/caa.rks-gov.net\/sr\/wp-json\/wp\/v2\/comments?post=4368"}],"version-history":[{"count":2,"href":"https:\/\/caa.rks-gov.net\/sr\/wp-json\/wp\/v2\/pages\/4368\/revisions"}],"predecessor-version":[{"id":5184,"href":"https:\/\/caa.rks-gov.net\/sr\/wp-json\/wp\/v2\/pages\/4368\/revisions\/5184"}],"up":[{"embeddable":true,"href":"https:\/\/caa.rks-gov.net\/sr\/wp-json\/wp\/v2\/pages\/530"}],"wp:attachment":[{"href":"https:\/\/caa.rks-gov.net\/sr\/wp-json\/wp\/v2\/media?parent=4368"}],"curies":[{"name":"wp","href":"https:\/\/api.w.org\/{rel}","templated":true}]}}