{"id":4210,"date":"2016-05-30T11:50:26","date_gmt":"2016-05-30T11:50:26","guid":{"rendered":"http:\/\/caa.rks-gov.net\/sr\/?page_id=4210"},"modified":"2025-10-27T17:15:20","modified_gmt":"2025-10-27T15:15:20","slug":"upravljanje-acv-a","status":"publish","type":"page","link":"https:\/\/caa.rks-gov.net\/sr\/upravljanje-acv-a\/","title":{"rendered":"Upravljanje ACV-a"},"content":{"rendered":"<p><img loading=\"lazy\" class=\"alignleft wp-image-8059\" src=\"https:\/\/caa.rks-gov.net\/wp-content\/uploads\/2018\/09\/Arianit-Islami.jpg\" alt=\"\" width=\"200\" height=\"250\" \/><\/p>\n<p><strong>Arianit Islami<\/strong><\/p>\n<p>Arijanit Islami je imenovan za vr\u0161ioca du\u017enosti generalnog direktora Autoriteta Civilnog Vazduhoplovstva. Do sada je bio direktor Odeljenja za usluge vazdu\u0161ne navigacije, poziciju koju je obavljao od 2005. godine. On je profesionalac sa preko 20 godina bogatog iskustva u vazduhoplovstvu, prac\u0301enog izvanrednom akademskom spremom. Gospodin Islami je diplomirao na Fakultetu za elektrotehniku i ra\u010dunarstvo Univerziteta u Pri\u0161tini i ima master diplomu Univerziteta civilnog vazduhoplovstva Francuske (ENAC) u oblasti satelitske komunikacije, navigacije i nadzora. Doktorirao je 2023. godine u laboratoriji ENAC i na Univerzitetu Pol Sabatije u Tuluzu, Francuska, u oblasti upravljanja vazdu\u0161nim saobrac\u0301ajem. Kao stru\u010dnjak u ovoj oblasti, anga\u017eovan je kao predava\u010d na predmetu \u201eSistemi upravljanja bezbedno\u0161c\u0301u (SMS)\u201c, prvobitno na Univerzitetu u Pri\u0161tini, Fakultetu za elektrotehniku i ra\u010dunarstvo i Koled\u017eu primenjenih tehni\u010dkih nauka \u201eTempuli\u201c. Trenutno je predava\u010d na programu \u201eNapredni master menad\u017ement bezbednosti u vazduhoplovstvu\u201c na Univerzitetu civilnog vazduhoplovstva Francuske (ENAC). Gospodin Islami je tako\u0111e poha\u0111ao niz stru\u010dnih obuka u vazduhoplovstvu. Sertifikovan je kao revizor bezbednosti od strane Instituta za usluge vazdu\u0161ne plovidbe EUROCONTROL (IANS). Od 2009. godine, deo je revizorskog tima za sertifikaciju pru\u017ealaca usluga vazdu\u0161ne plovidbe i verifikaciju implementacije sistema upravljanja bezbedno\u0161c\u0301u. U tom svojstvu, pozvan je da u\u010destvuje u revizijama u zemljama regiona, naime u Albaniji i Makedoniji, u okviru regionalnih sporazuma, kao i na me\u0111unarodnom nivou u Francuskoj i Francuskoj Polineziji, u okviru tvining projekta.<\/p>\n<p>Tel: 038\/ 200 74 250<br \/>\nArianit.Islami@caa-ks.org<\/p>\n<p><img loading=\"lazy\" class=\"wp-image-8062 alignleft\" src=\"https:\/\/caa.rks-gov.net\/wp-content\/uploads\/2018\/09\/Kushtrima-Musa-web-240x300.jpg\" alt=\"\" width=\"200\" height=\"250\" \/><\/p>\n<p><strong>Kushtrim Musa<\/strong><\/p>\n<p>Kushtrim Musa je direktor odeljenja za bezbednost letenja. Imenovan je u januaru 2009. godine. Gospodin Musa je profesionalni pilot i instruktor letenja, i diplomirao je na Institutu Severne Amerike za vazduhoplovstvo u Ju\u017enoj Karolini, SAD, 1998. godine. U svojoj karijeri profesionalnog pilota ima 2000 sati leta sa Fulton Flight Services Inc. sa sedi\u0161tem u Atlanti. Od 2000. godine, bio je na raznim pozicijama u sektoru civilne avijacije. 2003. godine, stekao je diplomu iz upravljanja u civilnoj avijaciji u Me\u0111unarodnoj asocijaciji za vazdu\u0161ni saobra\u0107aj (MAVS) u Montrealu, u Kanadi. 2005. godine, gospodin Musa je sertifikovan kao menad\u017eer bezbednosti u vazdu\u0161nom saobra\u0107aju (AVSEC PM) od strane Me\u0111unarodne organizacije za civilno vazduhoplovstvo (ICAO) i Univerziteta Konkordija u Montrealu, Kanada. 2006. godine, imenovan je za na\u010delnika standarda leta i bezbednosti u vazdu\u0161nom saobra\u0107aju Regulatorne kancelarije za civilnu avijaciju. 2012. godine, imenovan je za sekretara Nacionalnog komiteta za bezbednost civilnog vazduhoplovstva od strane ministra unutra\u0161njih poslova Republike Kosova.<\/p>\n<p>Tel: 038\/ 200 74 255<br \/>\nKushtrim.Musa@caa-ks.org<\/p>\n<p><img loading=\"lazy\" class=\"wp-image-8063 alignleft\" src=\"https:\/\/caa.rks-gov.net\/wp-content\/uploads\/2018\/09\/Lendita-Kika-web-240x300.jpg\" alt=\"\" width=\"200\" height=\"250\" \/><\/p>\n<p><strong>Lendita Kika<\/strong><\/p>\n<p>Lendita Kika-Berisha je direktor odeljenja bezbednosti i kvaliteta u Autoritetu civilnog vazduhoplovstva. Tako\u0111e je medunarodno certifikovani revizor prema ISO 9001:2015 za sistem upravljanja kvalitetom i poseduje ACV akreditive kao inspektor aerodroma. Pre toga, gospo\u0111a Kika \u2013 Berisha je bila direktor aerodroma pet godina. Od 2005. godine, zaposlena je u Regulatornoj kancelariji za civilnu avijaciju, u Odeljenju za aerodrome.<\/p>\n<p>Gospo\u0111a Kika Berisha poseduje pet godina iskustva u industriji civilnog vazduhoplovstva, od \u010dega tri godine u Swiss International Air Lines kao zamenik menad\u017eera stanice, godinu dana u Austrian Airlines i godinu dana u Odeljenju za vazdu\u0161ne operacije i kontrole kretanja unutar Misije Ujedinjenih nacija na Kosovu.<\/p>\n<p>Poseduje diplomu mastera iz poslovne administracije u avijaciji sa Univerziteta Dunav u Austriji i u\u010desnik je brojnih obuka u vazduhoplovstvu me\u0111unarodnih instituta za obuku, kao \u0161to su: IATA, UKCAA, Vazduhoplovna akademija Singapura, JAA TO, \u0160vajcarska vazduhoplovna akademija, TUV itd.<\/p>\n<p>Tel: 038\/ 200 74 254<br \/>\nLendita.Kika@caa-ks.org<\/p>\n<p><img loading=\"lazy\" class=\"alignleft wp-image-8059\" src=\"https:\/\/caa.rks-gov.net\/wp-content\/uploads\/2018\/09\/Besnike-Ukmata-web.jpg\" alt=\"\" width=\"200\" height=\"250\" \/><\/p>\n<p><strong>Besnike Ukmata<\/strong><\/p>\n<p>Besnike Ukmata je direktor za me\u0111unarodnu saradnju i direktor Odeljenja za ekonomske uredbe u Autoritetu civilnog vazduhoplovstva od svog osnivanja 2009. godine. Ona je obavljala sli\u010dne poslove u okviru Regulatorne kancelarije za civilnu avijaciju u periodu od 2005. do 2008. godine. Dve godine je radila (2003-2005) na Me\u0111unarodnom aerodromu u Pri\u0161tini, gde je bila na poziciji direktora projekta osnivanja aerodroma i sekretara kompanije. Gospo\u0111a Ukmata je magistrirala vazduhoplovstvo na Univerzitetu Dunav u Austriji i bila u\u010desnik velikog broja stru\u010dnih obuka u me\u0111unarodnim institucijama avijacije. Odabrana je od strane generalnog direktora za slu\u017ebenika za evropske integracije u ACV. Gospo\u0111a Ukmata je klju\u010dna osoba Evropske komisije u Republici Kosovo za sprovo\u0111enje obaveza proisteklih iz Sporazuma o zajedni\u010dkom evropskom vazdu\u0161nom prostoru u na\u0161oj zemlji.<\/p>\n<p>Tel: 038\/ 200 74 269<br \/>\nBesnike.Ukmata@caa-ks.org<\/p>\n<p><strong><strong style=\"font-size: inherit;\"><img loading=\"lazy\" src=\"https:\/\/caa.rks-gov.net\/wp-content\/uploads\/2025\/10\/PhotoEH-1.jpg\" width=\"215\" height=\"235\" \/><\/strong><\/strong><\/p>\n<p><strong>Emir Hiseni<\/strong><\/p>\n<p>Emir Hiseni je deo Autoriteta Civilnog Vazduhoplovstva Kosova od 2010. godine i trenutno obavlja funkciju vr\u0161ioca du\u017enosti direktora Odeljenja za aerodrome. Poseduje akreditacije inspektora aerodroma i bogato profesionalno iskustvo u bezbednosti aerodroma, uklju\u010dujuc\u0301i sertifikaciju, procenu sistema upravljanja bezbedno\u0161c\u0301u (SMS) i nadzor nad uskla\u0111eno\u0161c\u0301u rada aerodroma sa standardima ICAO i EASA.<\/p>\n<p>Tokom svoje karijere, gospodin Hiseni je bio uklju\u010den u skoro sve glavne procese u razvoju civilnog vazduhoplovstva u Republici Kosovo, uklju\u010dujuc\u0301i sertifikaciju Me\u0111unarodnog aerodroma Pri\u0161tina \u201eAdem Ja\u0161ari\u201c, prva odobrenja pru\u017ealaca usluga zemaljskog opslu\u017eivanja i snabdevanja gorivom za avione, sertifikaciju organizacije za profesionalnu obuku u oblasti aerodroma, odobrenje prvog helidroma na Kosovu, kao i razne procene bezbednosti vazduhoplovstva i infrastrukturne projekte. Tako\u0111e je doprineo izradi vazduhoplovnih propisa i stru\u010dnih smernica za industriju civilnog vazduhoplovstva. Pored toga, g. Hiseni je doprineo procesu sertifikacije Me\u0111unarodnog aerodroma \u201eMajka Tereza\u201c u Tirani, gde nastavlja periodi\u010dno da sprovodi nadzorne aktivnosti u saradnji sa kolegama iz Uprave Civilnog Vazduhoplovstva Albanije. Tako\u0111e slu\u017ei kao interni revizor za kvalitet i bezbednost, igrajuc\u0301i klju\u010dnu ulogu u uspostavljanju i sertifikaciji sistema upravljanja kvalitetom ACV-u u skladu sa standardima ISO 9001.<\/p>\n<p>G. Hiseni ima master diplomu iz in\u017eenjerstva vazdu\u0161nog saobrac\u0301aja sa Fakulteta saobrac\u0301ajnih nauka Univerziteta u Zagrebu, Hrvatska, i zavr\u0161io je brojne me\u0111unarodne obuke iz oblasti vazduhoplovstva, uklju\u010dujuc\u0301i one koje su organizovali EASA, JAA-TO, Airsight, IATA, UK-CAA i DGAC France, specijalizujuc\u0301i se za bezbednost aerodroma, upravljanje rizicima, reviziju i aeronauti\u010dke procene.<\/p>\n<p>Tel: 038\/200 74 266<br \/>\nemir.hiseni@caa-ks.org<\/p>\n<p><strong>Muhamed Luta<\/strong><\/p>\n<div class=\"kO6q6e\" dir=\"ltr\">Muhamed Luta je vr\u0161ilac du\u017enosti direktora Odeljenja za usluge vazdu\u0161ne navigacije.<\/div>\n<div dir=\"ltr\"><\/div>\n<div dir=\"ltr\">Tel: 038\/200 74 263<br \/>\nmuhamed.luta@caa-ks.org<\/div>\n<p><img loading=\"lazy\" class=\"wp-image-8059 alignleft\" src=\"https:\/\/caa.rks-gov.net\/wp-content\/uploads\/2018\/09\/Hysa-Matoshi-web-240x300.jpg\" alt=\"\" width=\"200\" height=\"250\" \/><\/p>\n<p><strong>Hysa Matoshi<\/strong><\/p>\n<p>Hysa Matoshi je direktor Odeljenja za administraciju u Upravi za Civilno Vazduhoplovstvo Kosova. Na ovom polo\u017eaju je imenovana u junu 2017.<\/p>\n<p>Studije je zavr\u0161ila 2009 godine na Koled\u017eu &#8222;Fama&#8220; u Pri\u0161tini na Pravnom Fakultetu u oblasti Kriminalistike i dobila zvanje Bachelor Kriminologije. Postdiplomske studije za Master je zavr\u0161ila 2013 godine na Univerzitetskom Koled\u017eu &#8222;Fama&#8220; u Pri\u0161tini na Pravnom Fakultetu u oblasti prava i krivi\u010dnog prava. U 2016 godini polo\u017eila je Pravosudni ispit.<\/p>\n<p>Od 2002 do 2017 radila je za policiju Kosova, u po\u010detku kao policijski slu\u017ebenik, kasnije 2004 godine je unapre\u0111ena u \u010din Narednika, 2006 godine unapre\u0111ena u Poru\u010dnika, a 2013 godine je unapre\u0111ena u \u010din Kapetana. Tokom ovog razdoblja je slu\u017eila na razli\u010ditim polo\u017eajima u okviru Policije Kosova. Napustila je Policiju na polo\u017eaju rukovodilac Sektora za Razvoj Obuke.<\/p>\n<p>Takodje tokom ovog perioda rada u Kosovskoj Policiji je zavr\u0161ila znatan broj kurseva i obuka, od osnovnih , naprednih, specijalizovanih i menad\u017eerskih.<\/p>\n<p>Tako\u0111e iz Policije Kosova je bila zahvaljena za individualni rad, za grupni rad, dobila je Policijsku Medalju za Slavu te Medalju za Slu\u017ebu Lojalnosti. Od Univerzitetskog Koled\u017eu Fama je nagra\u0111ena Zahvalnicom za izvanredan rezultat tokom studija.<\/p>\n<p>Tel: 038\/ 200 74272<br \/>\nHysa.Matoshi@caa-ks.org<\/p>\n","protected":false},"excerpt":{"rendered":"<p>Arianit Islami Arijanit Islami je imenovan za vr\u0161ioca du\u017enosti generalnog direktora Autoriteta Civilnog Vazduhoplovstva. Do sada je bio direktor Odeljenja&#8230;<\/p>\n","protected":false},"author":8,"featured_media":0,"parent":0,"menu_order":0,"comment_status":"closed","ping_status":"closed","template":"template-onlytext-nosidebar.php","meta":[],"_links":{"self":[{"href":"https:\/\/caa.rks-gov.net\/sr\/wp-json\/wp\/v2\/pages\/4210"}],"collection":[{"href":"https:\/\/caa.rks-gov.net\/sr\/wp-json\/wp\/v2\/pages"}],"about":[{"href":"https:\/\/caa.rks-gov.net\/sr\/wp-json\/wp\/v2\/types\/page"}],"author":[{"embeddable":true,"href":"https:\/\/caa.rks-gov.net\/sr\/wp-json\/wp\/v2\/users\/8"}],"replies":[{"embeddable":true,"href":"https:\/\/caa.rks-gov.net\/sr\/wp-json\/wp\/v2\/comments?post=4210"}],"version-history":[{"count":36,"href":"https:\/\/caa.rks-gov.net\/sr\/wp-json\/wp\/v2\/pages\/4210\/revisions"}],"predecessor-version":[{"id":15451,"href":"https:\/\/caa.rks-gov.net\/sr\/wp-json\/wp\/v2\/pages\/4210\/revisions\/15451"}],"wp:attachment":[{"href":"https:\/\/caa.rks-gov.net\/sr\/wp-json\/wp\/v2\/media?parent=4210"}],"curies":[{"name":"wp","href":"https:\/\/api.w.org\/{rel}","templated":true}]}}