{"id":314,"date":"2015-08-18T14:12:40","date_gmt":"2015-08-18T14:12:40","guid":{"rendered":"http:\/\/caa.rks-gov.net\/?page_id=314&#038;lang=sr"},"modified":"2016-06-14T23:29:06","modified_gmt":"2016-06-14T23:29:06","slug":"atmans","status":"publish","type":"page","link":"https:\/\/caa.rks-gov.net\/sr\/atmans\/","title":{"rendered":"Usluge vazdu\u0161ne navigacije"},"content":{"rendered":"<p>Odeljenje za usluge vazdu\u0161ne navigacije (ANS) je odgovorno za regulisanje, nadgledanje, kontrolisanje, certifikaciju i sveop\u0161ti nadzor sigurnosti davaoca usluga vazdu\u0161ne navigacije (ANSP) unutar Republike Kosovo. Ono garantije da su regulativa i sigurnosni standardi ANSP-a u skladu sa Standardima i Preporu\u010denim Praksama ICAO-a i regulative (acquis) EU-a vezano za vazduhoplovstvo, uklju\u010duju\u0107i i pravila EUROCONTROL-a. Odeljenje ANS-a je odgovorno za certifikaciju, te kasnije nadgledanje sigurnosti ANSP-ova unutar Republike Kosovo, koji pru\u017eaju slede\u0107e usluge:<\/p>\n<ul>\n<li>Kontrola vazdu\u0161nog saobra\u0107aja (ATC);<\/li>\n<li>Komunikacija, navigacija i nadzor (CNS);<\/li>\n<li>Slu\u017eba vazduhoplovnog informisanja (AIS) i<\/li>\n<li>Meteorolo\u0161ke usluge (METEO).<\/li>\n<\/ul>\n<p>Odeljenje ANS-a je odgovorno za licenciranje kontrolora letenja (ATCO) i kontrolu njihovog zdravstvenog stanja i njihove sposobnosti.<\/p>\n<p>ACVK-u je dodeljena uloga Nacionalnog Nadzornog Autoriteta (NSA), odre\u0111eno Pravilnikom (EC) Br. 549\/2004 Evropskog Parlamenta i Saveta od dana 10. marta 2004, kojom \u0107e osnovati potrebnu strukturu za stvaranje Jedinstvenog evropskog neba.<\/p>\n<p>Odeljenje ANS-a garantuje da \u0107e aeronauti\u010dke informacije biti objavljene u Zborniku vazduhoplovnih informacija (AIP) i da \u0107e iste biti dostupne operatorima koji operi\u0161u unutar vazdu\u0161nog prostora Kosova.<\/p>\n","protected":false},"excerpt":{"rendered":"<p>Odeljenje za usluge vazdu\u0161ne navigacije (ANS) je odgovorno za regulisanje, nadgledanje, kontrolisanje, certifikaciju i sveop\u0161ti nadzor sigurnosti davaoca usluga vazdu\u0161ne&#8230;<\/p>\n","protected":false},"author":14,"featured_media":0,"parent":0,"menu_order":0,"comment_status":"open","ping_status":"closed","template":"","meta":[],"_links":{"self":[{"href":"https:\/\/caa.rks-gov.net\/sr\/wp-json\/wp\/v2\/pages\/314"}],"collection":[{"href":"https:\/\/caa.rks-gov.net\/sr\/wp-json\/wp\/v2\/pages"}],"about":[{"href":"https:\/\/caa.rks-gov.net\/sr\/wp-json\/wp\/v2\/types\/page"}],"author":[{"embeddable":true,"href":"https:\/\/caa.rks-gov.net\/sr\/wp-json\/wp\/v2\/users\/14"}],"replies":[{"embeddable":true,"href":"https:\/\/caa.rks-gov.net\/sr\/wp-json\/wp\/v2\/comments?post=314"}],"version-history":[{"count":5,"href":"https:\/\/caa.rks-gov.net\/sr\/wp-json\/wp\/v2\/pages\/314\/revisions"}],"predecessor-version":[{"id":4550,"href":"https:\/\/caa.rks-gov.net\/sr\/wp-json\/wp\/v2\/pages\/314\/revisions\/4550"}],"wp:attachment":[{"href":"https:\/\/caa.rks-gov.net\/sr\/wp-json\/wp\/v2\/media?parent=314"}],"curies":[{"name":"wp","href":"https:\/\/api.w.org\/{rel}","templated":true}]}}