{"id":3099,"date":"2015-12-14T09:13:53","date_gmt":"2015-12-14T09:13:53","guid":{"rendered":"http:\/\/caa.rks-gov.net\/sr\/?page_id=3099"},"modified":"2023-02-09T16:26:20","modified_gmt":"2023-02-09T14:26:20","slug":"administracija-i-lj-r","status":"publish","type":"page","link":"https:\/\/caa.rks-gov.net\/sr\/administracija-i-lj-r\/","title":{"rendered":"Administracija"},"content":{"rendered":"<p>Odeljenje za upravu ima za cilj da pru\u017ea administrativnu podr\u0161ku za Upravu za civilno vazduhoplovstvo.<\/p>\n<p>Kancelarija za podr\u0161ku i logistiku ovog odeljenja ima za cilj pru\u017eanje logisti\u010dkih usluga koje su povezane sa upravljanjem imovinom, transportom i kancelarijskim materijalom.<\/p>\n","protected":false},"excerpt":{"rendered":"<p>Odeljenje za upravu ima za cilj da pru\u017ea administrativnu podr\u0161ku za Upravu za civilno vazduhoplovstvo. Kancelarija za podr\u0161ku i logistiku&#8230;<\/p>\n","protected":false},"author":14,"featured_media":0,"parent":0,"menu_order":0,"comment_status":"closed","ping_status":"closed","template":"template-onlytext-nosidebar.php","meta":[],"_links":{"self":[{"href":"https:\/\/caa.rks-gov.net\/sr\/wp-json\/wp\/v2\/pages\/3099"}],"collection":[{"href":"https:\/\/caa.rks-gov.net\/sr\/wp-json\/wp\/v2\/pages"}],"about":[{"href":"https:\/\/caa.rks-gov.net\/sr\/wp-json\/wp\/v2\/types\/page"}],"author":[{"embeddable":true,"href":"https:\/\/caa.rks-gov.net\/sr\/wp-json\/wp\/v2\/users\/14"}],"replies":[{"embeddable":true,"href":"https:\/\/caa.rks-gov.net\/sr\/wp-json\/wp\/v2\/comments?post=3099"}],"version-history":[{"count":4,"href":"https:\/\/caa.rks-gov.net\/sr\/wp-json\/wp\/v2\/pages\/3099\/revisions"}],"predecessor-version":[{"id":12706,"href":"https:\/\/caa.rks-gov.net\/sr\/wp-json\/wp\/v2\/pages\/3099\/revisions\/12706"}],"wp:attachment":[{"href":"https:\/\/caa.rks-gov.net\/sr\/wp-json\/wp\/v2\/media?parent=3099"}],"curies":[{"name":"wp","href":"https:\/\/api.w.org\/{rel}","templated":true}]}}