{"id":3080,"date":"2015-12-14T09:00:05","date_gmt":"2015-12-14T09:00:05","guid":{"rendered":"http:\/\/caa.rks-gov.net\/sr\/?page_id=3080"},"modified":"2024-05-02T12:09:32","modified_gmt":"2024-05-02T10:09:32","slug":"o-nas","status":"publish","type":"page","link":"https:\/\/caa.rks-gov.net\/sr\/o-nas\/","title":{"rendered":"O nama"},"content":{"rendered":"<p>Autoritet Civilnog Vazduhoplovstva Republike Kosova (ACVK) osnovan je na temelju Zakona br. 03\/L-051 o Civilnom Vazduhoplovstvu kao nezavisna regulativna agencija za civilno vazduhoplovstvu. ACVK je odgovoran za regulisanje sigurnosti civilnog vazduhoplovstva i ekonomsko regulisanje aerodroma i usluga u vazdu\u0161noj plovidbi u Republici Kosova. Delatnosti civilnog vazduhoplovstva u vazdu\u0161nom prostoru Kosova obavljaju se u skladu sa odredbama Zakona o civilnom vazduhoplovstvu, Konvencijom o me\u0111unarodnom civilnom vazduhoplovstvu od 7. decembra 1944, kao i Sporazumom o osnivanju Zajedni\u010dkog evropskog vazduhoplovnog podru\u010dja. Kosovo ima odgovaraju\u0107i zakonodavni okvir za vazduhoplovno i nadzor vazduhoplovnih delatnosti. Propisi i zahtevi razvijaju se stalno da uskla\u0111uju Kosovske propise i procedure vazduhoplovstva sa me\u0111unarodnim zahtevima, kao \u0161to su Standardi i Preporu\u010dene prakse Me\u0111unarodne organizacije za civilno vazduhoplovstvo i posebno sa EU regulativom vazduhoplovstva kao deo na\u0161e obaveze iz sporazum o Zajedni\u010dkom evropskom vazduhoplovnom podru\u010dju, kojeg je Kosovo potpisala.<\/p>\n<p>Politike i smernice, kako za industriju i za ACVK osoblje razvijene su za omogu\u0107avanje lak\u0161eg razumevanja i usagla\u0161enosti sa propisima i standardima. Kamen temeljac bezbednih operacija vazduhoplovstva je implementacija sistema upravljanja bezbedno\u0161\u0107u od strane svih operatera od aerodroma, aviokompanija do i provajdera usluga vazdu\u0161nog saobra\u0107aja i do organizacija za odr\u017eavanje. ACVK je posve\u0107en postizanju najve\u0107eg mogu\u0107eg nivoa bezbednosti na Kosovu. ACVK ima izvr\u0161no ovla\u0161\u0107enje za postizanje usagla\u0161enosti sa propisima i standardima.<\/p>\n<h2>Kao regulator civilnog vazduhoplovstva mi:<\/h2>\n<p>Sprovodimo zakonsku regulativu civilnog vazduhoplovstva i izvr\u0161avamo politike koje su usvojene od strane Ministarstva za Infrastrukturu ili Vlade u oblasti civilnog vazduhoplovstva;<\/p>\n<p>Pru\u017eamo savete i predloge Ministarstvu, Vladi i Skup\u0161tini u vezi sa politikama i zakonskoj regulativi iz oblasti civilnog vazduhoplovstva;<\/p>\n<p>Objavljujemo propise o sprovo\u0111enju i naloge o vazdu\u0161noj plovidbi, u skladu sa Zakonom o civilnom vazduhoplovstvu i Sporazumom ECAA, za sprovo\u0111enje politika civilnog vazduhoplovstva usvojene od strane Ministarstva i relevantne regulative u vezi sa civilnom vazduhoplovstvu;<\/p>\n<p>Izdajemo dozvole, uverenja i odobrenja u skladu sa nadle\u017enostima i odgovornostima ACVK-a;<\/p>\n<p>Reguli\u0161emo bezbednost vazdu\u0161nog saobra\u0107aja u Republici Kosovo;<\/p>\n<p>Reguli\u0161emo ekonomiju aerodroma i usluga u vazdu\u0161noj plovidbi;<\/p>\n<p>Pru\u017eamo savete Ministru u vezi sa razvojem predlo\u017eenih politika za upotrebu vazdu\u0161nog prostora Kosova koje zadovoljavaju potrebe korisnika, uzimaju\u0107i u obzir nacionalnu bezbednost, ekonomske i ekolo\u0161ke \u010dinitelje, kao i potrebu za visokim standardima bezbednosti;<\/p>\n<p>Nadziremo i obezbedimo efikasno sprovo\u0111enje regulative, standarda, pravila, procedura i nare\u0111enja civilnog vazduhoplovstva, osim u slu\u010dajevima kada Zakon o civilnom vazduhoplovstvu ili drugi osnovni normativni akt izri\u010dito i isklju\u010divo dodeli tu funkciju Ministarstvu ili drugom javnom autoritetu;<\/p>\n<p>Informi\u0161emo javnost o pitanjima od zna\u010daja za funkcije i delatnost ACVK;<\/p>\n<p>Vr\u0161imo takva dela, sprovodimo takve istrage i inspekcije i izdajemo takva nare\u0111enja, pravila, propisa i\/ili procedura kako ACVK mo\u017ee da smatra da su opravdano neophodna za pravilno i zakonito (i) sprovo\u0111enje va\u017ee\u0107ih odredba Zakona o civilnom vazduhoplovstvu ili (ii) vr\u0161i ovla\u0161\u0107enja i du\u017enosti dodeljene ACVK-u Zakonom o civilnom vazduhoplovstvu;<\/p>\n<p>Obavljamo sve druge funkcije koje se odnose na civilno vazduhoplovstvo na Kosovu dodeljene ACVK-u Zakonom o civilnom vazduhoplovstvu ili drugim osnovnim normativnim aktom.<\/p>\n<h2>Uloga, Vizija i Misija<\/h2>\n<h3>Uloga ACV-a<\/h3>\n<p>ACV je regulatorna agencija odgovorna za regulisanje bezbednosnih aspekata civilnog vazduhoplovstva i ekonomsko regulisanje aerodroma i pru\u017eaoca usluga vazdu\u0161ne navigacije.<\/p>\n<h3>VIZIJA<\/h3>\n<p>Da budemo kredibilni i globalno priznati kao regulatorno i nadzorno telo za civilno vazduhoplovstvo, ispred drugih u regionu i \u0161ire u pogledu bezbednosti u vazduhoplovstvu<\/p>\n<h3>MISIJA<\/h3>\n<p>Da stvorimo okru\u017eenje za civilno vazduhoplovstvo u skladu sa nacionalnim politikama i me\u0111unarodnim standardima, kroz kontinuirani nadzor, visok nivo profesionalne kompetencije i partnerstvo sa industrijom<\/p>\n","protected":false},"excerpt":{"rendered":"<p>Autoritet Civilnog Vazduhoplovstva Republike Kosova (ACVK) osnovan je na temelju Zakona br. 03\/L-051 o Civilnom Vazduhoplovstvu kao nezavisna regulativna agencija&#8230;<\/p>\n","protected":false},"author":14,"featured_media":0,"parent":0,"menu_order":0,"comment_status":"closed","ping_status":"closed","template":"template-onlytext-nosidebar.php","meta":[],"_links":{"self":[{"href":"https:\/\/caa.rks-gov.net\/sr\/wp-json\/wp\/v2\/pages\/3080"}],"collection":[{"href":"https:\/\/caa.rks-gov.net\/sr\/wp-json\/wp\/v2\/pages"}],"about":[{"href":"https:\/\/caa.rks-gov.net\/sr\/wp-json\/wp\/v2\/types\/page"}],"author":[{"embeddable":true,"href":"https:\/\/caa.rks-gov.net\/sr\/wp-json\/wp\/v2\/users\/14"}],"replies":[{"embeddable":true,"href":"https:\/\/caa.rks-gov.net\/sr\/wp-json\/wp\/v2\/comments?post=3080"}],"version-history":[{"count":5,"href":"https:\/\/caa.rks-gov.net\/sr\/wp-json\/wp\/v2\/pages\/3080\/revisions"}],"predecessor-version":[{"id":14029,"href":"https:\/\/caa.rks-gov.net\/sr\/wp-json\/wp\/v2\/pages\/3080\/revisions\/14029"}],"wp:attachment":[{"href":"https:\/\/caa.rks-gov.net\/sr\/wp-json\/wp\/v2\/media?parent=3080"}],"curies":[{"name":"wp","href":"https:\/\/api.w.org\/{rel}","templated":true}]}}