{"id":3064,"date":"2015-12-09T13:52:49","date_gmt":"2015-12-09T13:52:49","guid":{"rendered":"http:\/\/caa.rks-gov.net\/sr\/?page_id=3064"},"modified":"2023-09-25T13:31:47","modified_gmt":"2023-09-25T11:31:47","slug":"medunarodna-saradnja","status":"publish","type":"page","link":"https:\/\/caa.rks-gov.net\/sr\/medunarodna-saradnja\/","title":{"rendered":"Me\u0111unarodna saradnja"},"content":{"rendered":"<p>Republika Kosovo prihvatila je obaveze koje je UNMIK preuzeo u ime Kosova kad je potpisao Zajedni\u010dki evropski vazdu\u0161ni prostor, \u010diji su delovi dr\u017eave \u010dlanice EU i zemlje zapadnog Balkana, uklju\u010duju\u0107i Kosovo.<\/p>\n<p>Kao rezultat toga, Uprava za civilno vazduhoplovstvo, zajedno sa drugim institucijama sa javnom odgovorno\u0161\u0107u u civilnom vazduhoplovstvu u Republici Kosovo, koje proisti\u010du iz odredbi Zakona o civilnom vazduhoplovstvu, primenjuje veliki broj pravnih propisa EU koji ure\u0111uju bezbednost, sigurnost, upravljanje u civilnom vazduhoplovstvu i ekonomsko ure\u0111enje vazduhoplovstva u unutra\u0161njem pravnom poretku, \u010dime je postala deo zajedni\u010dkog tr\u017ei\u0161ta u oblasti vazdu\u0161nog prevoza. UCV je sa\u010dinila <a href=\"https:\/\/caa.rks-gov.net\/wp-content\/uploads\/2023\/09\/ECAA-National-Legislation-Correspondence-Table-20-09-2023-EN.pdf\">tabelu ekvivalentnosti nacionalnog zakonodavstva u Republici Kosovo sa komunitarnim pravom (Acquis Communautaire) u oblasti vazduhoplovstva<\/a>&nbsp;koja mo\u017ee da pomogne javnosti da brzo utvrdi koji nacionalni zakonski propisi transponuju pravne propise EU i me\u0111unarodne sporazume u unutra\u0161nji pravni poredak Republike Kosovo.<\/p>\n<p>Uprava za civilno vazduhoplovstvo te\u017ei da uspostavi odnosa sa regionalnim i me\u0111unarodnim organizacijama koje su anga\u017eovane u civilnom vazduhoplovstvu, kao \u0161to su Evropska unija, EASA, ICAO, EUROCONTROL, ECAC, itd. Tako\u0111e, UCV daje savete i pru\u017ea pomo\u0107 Ministarstvu za infrastrukturu u stvaranju i implementaciji me\u0111unarodnih inicijativa u oblasti vazduhoplovstva.<\/p>\n<p>Pored toga, UCV vr\u0161i koordinaciju me\u0111unarodne tehni\u010dke pomo\u0107i u oblasti civilnog vazduhoplovstva koju pru\u017eaju Evropska unija i donatorska zajednica namenjenu institucijama uklju\u010denim u pravno ure\u0111enje vazduhoplovstva u Republici Kosovo.<\/p>\n","protected":false},"excerpt":{"rendered":"<p>Republika Kosovo prihvatila je obaveze koje je UNMIK preuzeo u ime Kosova kad je potpisao Zajedni\u010dki evropski vazdu\u0161ni prostor, \u010diji&#8230;<\/p>\n","protected":false},"author":14,"featured_media":0,"parent":0,"menu_order":0,"comment_status":"closed","ping_status":"closed","template":"template-onlytext-nosidebar.php","meta":[],"_links":{"self":[{"href":"https:\/\/caa.rks-gov.net\/sr\/wp-json\/wp\/v2\/pages\/3064"}],"collection":[{"href":"https:\/\/caa.rks-gov.net\/sr\/wp-json\/wp\/v2\/pages"}],"about":[{"href":"https:\/\/caa.rks-gov.net\/sr\/wp-json\/wp\/v2\/types\/page"}],"author":[{"embeddable":true,"href":"https:\/\/caa.rks-gov.net\/sr\/wp-json\/wp\/v2\/users\/14"}],"replies":[{"embeddable":true,"href":"https:\/\/caa.rks-gov.net\/sr\/wp-json\/wp\/v2\/comments?post=3064"}],"version-history":[{"count":12,"href":"https:\/\/caa.rks-gov.net\/sr\/wp-json\/wp\/v2\/pages\/3064\/revisions"}],"predecessor-version":[{"id":13114,"href":"https:\/\/caa.rks-gov.net\/sr\/wp-json\/wp\/v2\/pages\/3064\/revisions\/13114"}],"wp:attachment":[{"href":"https:\/\/caa.rks-gov.net\/sr\/wp-json\/wp\/v2\/media?parent=3064"}],"curies":[{"name":"wp","href":"https:\/\/api.w.org\/{rel}","templated":true}]}}