{"id":3017,"date":"2015-12-07T14:36:58","date_gmt":"2015-12-07T14:36:58","guid":{"rendered":"http:\/\/caa.rks-gov.net\/sr\/?page_id=3017"},"modified":"2025-06-16T08:41:41","modified_gmt":"2025-06-16T06:41:41","slug":"rpas","status":"publish","type":"page","link":"https:\/\/caa.rks-gov.net\/sr\/rpas\/","title":{"rendered":"Bespilotne letelice"},"content":{"rendered":"<p>DOBRENJE OPERACIJA DONOVA:<\/p>\n<p>Za odobrenja operacija sa bespilotnim letelicama (dronovima) molimo da nas kontaktirate na:<\/p>\n<p><a href=\"mailto:drones@caa-ks.org\">drones@caa-ks.org <\/a>ili na: +383 (0)38 200 74 261 ili: 74 255.<\/p>\n<p>Prijave za ova odobrenja vr\u0161e se samo tokom radnog vremena, od ponedeljka do petka, 08:00-16:00 \u010dasova.<\/p>\n<p>Sistemi Bespilotnih letelica (ponekad naziva &#8222;dronovi&#8220;) sve vi\u0161e se koriste u Republici Kosovo. Dronovi su uglavnom bespilotne letelice sa daljinskim upravljanjem. Oni su <em>de jure<\/em> modeli aviona. <a href=\"http:\/\/caa.rks-gov.net\/wp-content\/uploads\/2017\/03\/Rregullore-Nr.-01-2017-p%C3%ABr-Sisteme-t%C3%AB-mjeve-ajrore-pa-pilot-SAP-SQ-SR-EN.pdf\">Uredba br. 1\/2017<\/a> zahteva da te bespilotne letelice upisuju se u registar bespilotnih letelica (SBL) i upravljene samo uz posebno odobrenje izdato od ACV-a. Tokom operacije sa dronovima vlasnik ili operator je du\u017ean da celo vreme ima vizuelni kontakt sa dronom.<\/p>\n<ul>\n<li>Za op\u0161te uslove upravljanja sa dronovima kliknite na slede\u0107i link:<\/li>\n<li>Za \u010desto postavljana pitanja u vezi sa upravljanjem dronovima kliknite na slede\u0107i link:<\/li>\n<li>Za \u010desto postavljana pitanja vezanih za registraciju dronova kliknite na slede\u0107i link:<\/li>\n<li>Za pripremu za test znanja o sistemima bespilotnih letelica (SBL) kliknite na Tehni\u010dku Publikaciju &#8211; TP 28.<\/li>\n<\/ul>\n<p><strong>Obrasci:<\/strong><\/p>\n<table class=\"table table-hover table-responsive\">\n<tbody>\n<tr>\n<td class=\"col-md-3\"><a href=\"https:\/\/caa.rks-gov.net\/wp-content\/uploads\/2024\/05\/Formulare-aplikimi-per-regjistrimin-e-SAP_GAT-FRM-24_2022-07-29-2.docx\" target=\"_blank\" rel=\"noopener\">AACK\/DSF\/GEN-FRM 24 <\/a><\/td>\n<td class=\"col-md-9\">Zahtev za odobrenje i registraciju sistema bespilotne letelice (SBL)<\/td>\n<\/tr>\n<tr>\n<td class=\"col-md-3\"><a href=\"https:\/\/caa.rks-gov.net\/sr\/document\/obrasci\/\" target=\"_blank\" rel=\"noopener\"> AACK\/DSF\/GAT-FRM 25 <\/a><\/td>\n<td class=\"col-md-9\">Deklaracija o letovima sa Sistemima bespilotnih letelica<\/td>\n<\/tr>\n<tr>\n<td class=\"col-md-3\"><a href=\"https:\/\/caa.rks-gov.net\/sr\/document\/obrasci\/\" target=\"_blank\" rel=\"noopener\"> AACK\/DSF\/GAT-FRM 26 <\/a><\/td>\n<td class=\"col-md-9\">Obrazac aplikacije za operisanje sa sistemom bespilotne letelice (SBL)<\/td>\n<\/tr>\n<tr>\n<td class=\"col-md-3\"><a href=\"https:\/\/caa.rks-gov.net\/wp-content\/uploads\/2024\/05\/AAC-DSF-GAT-FRM-27-Formulare-aplikimi-per-provim-teorik-te-UAS-e-Per-3.docx\" target=\"_blank\" rel=\"noopener\"> AACK\/DSF\/GAT-FRM 27 <\/a><\/td>\n<td class=\"col-md-9\">Prijava za teorijski ispit za sisteme bespilotnih letelica (SBL)<\/td>\n<\/tr>\n<\/tbody>\n<\/table>\n<p>Agencije odgovorne za sprovo\u0111enje zakona, odbranu, unutra\u0161nju bezbednost, kao i slu\u017ebe za ga\u0161enje po\u017eara, tra\u017eenje i spasavanje i priznate hitne usluge, koje upravljaju Sistemima bespilotnih letelica (SBL) moraju da se pozivaju na <a href=\"http:\/\/caa.rks-gov.net\/wp-content\/uploads\/2017\/05\/KFOR-Institutional-UAS-Regulation.pdf\">Uredbu KFOR-a<\/a> koriste\u0107i ovaj <a href=\"http:\/\/caa.rks-gov.net\/wp-content\/uploads\/2017\/05\/KFOR-Application-form-Flight-Request-Institutional-UAS-Annex-A.pdf\">Obrazac<\/a>.<\/p>\n","protected":false},"excerpt":{"rendered":"<p>DOBRENJE OPERACIJA DONOVA: Za odobrenja operacija sa bespilotnim letelicama (dronovima) molimo da nas kontaktirate na: drones@caa-ks.org ili na: +383 (0)38&#8230;<\/p>\n","protected":false},"author":14,"featured_media":0,"parent":0,"menu_order":0,"comment_status":"closed","ping_status":"closed","template":"template-onlytext-nosidebar.php","meta":[],"_links":{"self":[{"href":"https:\/\/caa.rks-gov.net\/sr\/wp-json\/wp\/v2\/pages\/3017"}],"collection":[{"href":"https:\/\/caa.rks-gov.net\/sr\/wp-json\/wp\/v2\/pages"}],"about":[{"href":"https:\/\/caa.rks-gov.net\/sr\/wp-json\/wp\/v2\/types\/page"}],"author":[{"embeddable":true,"href":"https:\/\/caa.rks-gov.net\/sr\/wp-json\/wp\/v2\/users\/14"}],"replies":[{"embeddable":true,"href":"https:\/\/caa.rks-gov.net\/sr\/wp-json\/wp\/v2\/comments?post=3017"}],"version-history":[{"count":14,"href":"https:\/\/caa.rks-gov.net\/sr\/wp-json\/wp\/v2\/pages\/3017\/revisions"}],"predecessor-version":[{"id":15106,"href":"https:\/\/caa.rks-gov.net\/sr\/wp-json\/wp\/v2\/pages\/3017\/revisions\/15106"}],"wp:attachment":[{"href":"https:\/\/caa.rks-gov.net\/sr\/wp-json\/wp\/v2\/media?parent=3017"}],"curies":[{"name":"wp","href":"https:\/\/api.w.org\/{rel}","templated":true}]}}