{"id":2960,"date":"2015-11-20T15:41:36","date_gmt":"2015-11-20T15:41:36","guid":{"rendered":"http:\/\/caa.rks-gov.net\/sr\/raportimi-i-ndodhive\/"},"modified":"2021-09-06T10:43:40","modified_gmt":"2021-09-06T08:43:40","slug":"prijavljivanje-dogadaja","status":"publish","type":"page","link":"https:\/\/caa.rks-gov.net\/sr\/prijavljivanje-dogadaja\/","title":{"rendered":"Prijavljivanje doga\u0111aja"},"content":{"rendered":"<p>Nadgledanje vazdu\u0161ne bezbednosti je sastavni deo funkcija koje vr\u0161i Autoritet Civilnog Vazduhoplovstva Kosova. Nadgledanjem bezbednosnog nivoa vazduhoplovne industrije, ACV mo\u017ee da meri da li se bezbednosni rizici adekvatno procenjuju i da identifikuje oblasti u kojima se mo\u017ee pobolj\u0161ati bezbednost. Prijavljivanje doga\u0111aja znatno doprinosi reaktivnoj i proaktivnoj identifikaciji bezbednosnih rizika i dovodi do pobolj\u0161anju bezbednosnih mera.<\/p>\n<p>Sistem prijavljivanja obuhvata prijavu ACV-u od lica i organizacija incidenata u kojima je ume\u0161an neki vazduhoplov, radnja odr\u017eavanja, aerodrom ili vazdu\u0161ni prostor. Ove informacije predstavljaju izuzetno vredan doprinos identifikaciji mogu\u0107ih bezbednosnih rizika.<\/p>\n<p>Cilj prijavljivanja doga\u0111aja je da doprinese pobolj\u0161anju bezbednosti vazduhoplovstva tako \u0161to se informacije relevantne po bezbednost prijavljuju, sakupljaju, \u010duvaju, \u0161tite i razmenjuju.<\/p>\n<p>Jedini cilj prijavljivanja doga\u0111aja je spre\u010davanje nesre\u0107a i incidenata, a da pripi\u0161e krivicu ili odgovornost.<br \/>\nPrijavljeni doga\u0111aji tretiraju se poverljivo kako bi se odr\u017ealo puno i slobodno prijavljivanje od vazduhoplovne zajednice i za\u0161tita identiteta pojedinaca u skladu sa Uredbom br. 09\/2017 o izve\u0161tavanju, analizi i pra\u0107enju doga\u0111aja u civilnom vazduhoplovstvu.<\/p>\n<h5>Prijavljivanje doga\u0111aja<\/h5>\n<p><a href=\"https:\/\/caa.rks-gov.net\/sr\/voluntary-reporting\/\">Dobrovoljno prijavljivanje doga\u0111aja <\/a><\/p>\n<p><a href=\"https:\/\/caa.rks-gov.net\/sr\/mandatory-reporting\/\">Obavezno prijavljivanje doga\u0111aja<\/a><\/p>\n<h5><\/h5>\n","protected":false},"excerpt":{"rendered":"<p>Nadgledanje vazdu\u0161ne bezbednosti je sastavni deo funkcija koje vr\u0161i Autoritet Civilnog Vazduhoplovstva Kosova. Nadgledanjem bezbednosnog nivoa vazduhoplovne industrije, ACV mo\u017ee&#8230;<\/p>\n","protected":false},"author":14,"featured_media":0,"parent":0,"menu_order":0,"comment_status":"closed","ping_status":"closed","template":"","meta":[],"_links":{"self":[{"href":"https:\/\/caa.rks-gov.net\/sr\/wp-json\/wp\/v2\/pages\/2960"}],"collection":[{"href":"https:\/\/caa.rks-gov.net\/sr\/wp-json\/wp\/v2\/pages"}],"about":[{"href":"https:\/\/caa.rks-gov.net\/sr\/wp-json\/wp\/v2\/types\/page"}],"author":[{"embeddable":true,"href":"https:\/\/caa.rks-gov.net\/sr\/wp-json\/wp\/v2\/users\/14"}],"replies":[{"embeddable":true,"href":"https:\/\/caa.rks-gov.net\/sr\/wp-json\/wp\/v2\/comments?post=2960"}],"version-history":[{"count":6,"href":"https:\/\/caa.rks-gov.net\/sr\/wp-json\/wp\/v2\/pages\/2960\/revisions"}],"predecessor-version":[{"id":11306,"href":"https:\/\/caa.rks-gov.net\/sr\/wp-json\/wp\/v2\/pages\/2960\/revisions\/11306"}],"wp:attachment":[{"href":"https:\/\/caa.rks-gov.net\/sr\/wp-json\/wp\/v2\/media?parent=2960"}],"curies":[{"name":"wp","href":"https:\/\/api.w.org\/{rel}","templated":true}]}}