{"id":2937,"date":"2015-11-17T16:57:59","date_gmt":"2015-11-17T16:57:59","guid":{"rendered":"http:\/\/caa.rks-gov.net\/sr\/?page_id=2937"},"modified":"2015-11-26T09:04:48","modified_gmt":"2015-11-26T09:04:48","slug":"voluntary-reporting","status":"publish","type":"page","link":"https:\/\/caa.rks-gov.net\/sr\/voluntary-reporting\/","title":{"rendered":"Dobrovoljno prijavljivanje doga\u0111aja"},"content":{"rendered":"<p>Klju\u010dni cilj na\u0161eg sistema za dobrovoljno i poverljivo prijavljivanje doga\u0111aja je da se unapredi bezbednost vazduhoplovstva kroz prikupljanje prijava o stvarnim ili potencijalnim opasnostima ili bezbednosnim nedostatacima koje ne bi bile prijaviljene putem drugih kanala. Prijave mogu da obuhvate doga\u0111aje, opasnosti ili pretnje za bezbednost vazduhoplovstva. Dobrovoljne prijave mogu doc\u0301i od bilo kog operativnog osoblja, ali i od putnika ili \u0161ire javnosti.<\/p>\n<p>Ovde obezbe\u0111ujemo kanal za dobrovoljno prijavljivanje doga\u0111aja ili opasnosti koje su relevantne za vazduhoplovne aktivnosti, uz istovremenu za\u0161titu identiteta podnosioca prijave.<\/p>\n<h2>Da li \u017eelite da prijava bude poverljiva?<\/h2>\n<p>(Poverljive prijave c\u0301e biti prosle\u0111ene Generalnom direktoru ACVK-a, koje \u0107e li\u010dno pregledati, te potom ukloniti identifkacione informacije)<\/p>\n","protected":false},"excerpt":{"rendered":"<p>Klju\u010dni cilj na\u0161eg sistema za dobrovoljno i poverljivo prijavljivanje doga\u0111aja je da se unapredi bezbednost vazduhoplovstva kroz prikupljanje prijava o&#8230;<\/p>\n","protected":false},"author":14,"featured_media":0,"parent":0,"menu_order":0,"comment_status":"closed","ping_status":"closed","template":"voluntary-report.php","meta":[],"_links":{"self":[{"href":"https:\/\/caa.rks-gov.net\/sr\/wp-json\/wp\/v2\/pages\/2937"}],"collection":[{"href":"https:\/\/caa.rks-gov.net\/sr\/wp-json\/wp\/v2\/pages"}],"about":[{"href":"https:\/\/caa.rks-gov.net\/sr\/wp-json\/wp\/v2\/types\/page"}],"author":[{"embeddable":true,"href":"https:\/\/caa.rks-gov.net\/sr\/wp-json\/wp\/v2\/users\/14"}],"replies":[{"embeddable":true,"href":"https:\/\/caa.rks-gov.net\/sr\/wp-json\/wp\/v2\/comments?post=2937"}],"version-history":[{"count":4,"href":"https:\/\/caa.rks-gov.net\/sr\/wp-json\/wp\/v2\/pages\/2937\/revisions"}],"predecessor-version":[{"id":2989,"href":"https:\/\/caa.rks-gov.net\/sr\/wp-json\/wp\/v2\/pages\/2937\/revisions\/2989"}],"wp:attachment":[{"href":"https:\/\/caa.rks-gov.net\/sr\/wp-json\/wp\/v2\/media?parent=2937"}],"curies":[{"name":"wp","href":"https:\/\/api.w.org\/{rel}","templated":true}]}}