{"id":267,"date":"2015-09-22T13:10:23","date_gmt":"2015-09-22T13:10:23","guid":{"rendered":"http:\/\/caa.rks-gov.net\/?page_id=267&#038;lang=sr"},"modified":"2016-06-13T14:46:27","modified_gmt":"2016-06-13T14:46:27","slug":"opasne-materije","status":"publish","type":"page","link":"https:\/\/caa.rks-gov.net\/sr\/letacke-operacije-i-plovidbenost\/letacke-operacije\/opasne-materije\/","title":{"rendered":"Opasne Materije"},"content":{"rendered":"<p>Opasne materije su materije ili supstance koje mogu predstaviti opasnost po zdravlje, bezbednost, imovinu ili okru\u017eenje.<\/p>\n<p>Odseci Leta\u010dkih operacija i Plovidbenosti su odgovorni za odobrenje i kontinuirani nadzor uskla\u0111enosti sa propisima avio-kompanija i organizacija uklju\u010denih u prevozu opasnih materija vazdu\u0161nim putem.<\/p>\n<p>Prevoz opasnih materija vazduhom regulisano je Uredbom br. 6\/2011 o Prevozu opasnih materija vazdu\u0161nim putem, ICAO Aneksom 18 kao i ICAO Doc. 9284 &#8211; Tehni\u010dke instrukcije za siguran transport opasnih materija vazdu\u0161nim putem.<\/p>\n<p>Uspe\u0161no sprovo\u0111enje propisa u vezi bezbednog prevoza opasnih materija vazdu\u0161nim putem i njihovih ciljeva zavisi u velikoj meri od shvatanja upetljanih rizika od strane svih doti\u010dnih pojedinaca\u00a0 i od detaljnog poznavanja propisa. Ovo se mo\u017ee posti\u0107i samo pomo\u0107u dosledno planiranih i odr\u017eavanih programa po\u010detne i periodi\u010dne obuke za sve pojedince uklju\u010denih u prevozu opasnih materija.<\/p>\n<p>Vazdu\u0161ni operateri su odgovorni da obezbe\u0111ivaju da po\u010detni i periodi\u010dni programi obuke koji su uspostavljeni, odr\u017eavani i odobreni od ACV-a ispunjavaju minimalne uslove obuke Tehni\u010dke publikacije (TP-17) o odobrenju programa obuke za opasne meterije.<\/p>\n<p>Po\u010detni i periodi\u010dni programi obuke moraju se uspostaviti i odr\u017eavati od ili u ime:<\/p>\n<ul>\n<li>\u0161peditera opasnih materija, uklju\u010duju\u0107i lica koja paketiraju i lica ili organizacije koje vr\u0161e odgovornost \u0161peditera;<\/li>\n<li>vazdu\u0161nih operatera;<\/li>\n<li>agencija za prihvat i otpremanje na zemlji koja, u ime vazdu\u0161nog operatera, vr\u0161e prihvatanje, rukovanje, utovar, istovar, transfer ili druge obrade tereta;<\/li>\n<li>agencija za prihvat i otpremanje na zemlji koja su locirana na aerodromu i koja, u ime vazdu\u0161nog operatera, vr\u0161e obradu putnika;<\/li>\n<li>agencija, koja nisu locirana na aerodromu i koja, u ime vazdu\u0161nog operatera, vr\u0161e registraciju putnika;<\/li>\n<li>\u0161peditera; i<\/li>\n<li>agencija koja su uklju\u010dena u bezbednosnoj kontroli putnika i njihovog prtljaga,<\/li>\n<\/ul>\n<p>pokrivaju\u010di elemente opasnih materija njihovih odgovornosti kako bi se obezbedilo da ispunjavaju uslove Uredbe br. 6\/2011 o Prevozu opasnih materija vazdu\u0161nim putem.<\/p>\n","protected":false},"excerpt":{"rendered":"<p>Opasne materije su materije ili supstance koje mogu predstaviti opasnost po zdravlje, bezbednost, imovinu ili okru\u017eenje. Odseci Leta\u010dkih operacija i&#8230;<\/p>\n","protected":false},"author":14,"featured_media":0,"parent":255,"menu_order":0,"comment_status":"closed","ping_status":"closed","template":"","meta":[],"_links":{"self":[{"href":"https:\/\/caa.rks-gov.net\/sr\/wp-json\/wp\/v2\/pages\/267"}],"collection":[{"href":"https:\/\/caa.rks-gov.net\/sr\/wp-json\/wp\/v2\/pages"}],"about":[{"href":"https:\/\/caa.rks-gov.net\/sr\/wp-json\/wp\/v2\/types\/page"}],"author":[{"embeddable":true,"href":"https:\/\/caa.rks-gov.net\/sr\/wp-json\/wp\/v2\/users\/14"}],"replies":[{"embeddable":true,"href":"https:\/\/caa.rks-gov.net\/sr\/wp-json\/wp\/v2\/comments?post=267"}],"version-history":[{"count":3,"href":"https:\/\/caa.rks-gov.net\/sr\/wp-json\/wp\/v2\/pages\/267\/revisions"}],"predecessor-version":[{"id":4532,"href":"https:\/\/caa.rks-gov.net\/sr\/wp-json\/wp\/v2\/pages\/267\/revisions\/4532"}],"up":[{"embeddable":true,"href":"https:\/\/caa.rks-gov.net\/sr\/wp-json\/wp\/v2\/pages\/255"}],"wp:attachment":[{"href":"https:\/\/caa.rks-gov.net\/sr\/wp-json\/wp\/v2\/media?parent=267"}],"curies":[{"name":"wp","href":"https:\/\/api.w.org\/{rel}","templated":true}]}}