{"id":263,"date":"2015-09-03T13:06:28","date_gmt":"2015-09-03T13:06:28","guid":{"rendered":"http:\/\/caa.rks-gov.net\/?page_id=263&#038;lang=sr"},"modified":"2015-09-09T13:45:04","modified_gmt":"2015-09-09T13:45:04","slug":"plovidbenost","status":"publish","type":"page","link":"https:\/\/caa.rks-gov.net\/sr\/letacke-operacije-i-plovidbenost\/plovidbenost\/","title":{"rendered":"Plovidbenost"},"content":{"rendered":"<p>Deo veb-sajta o plovidbenosti sadr\u017ei propisane zahteve o izdavanju sertifikata i odobrenja koja su potrebni da bi vazduhoplov registrovan na Kosovu mogao da leti.<\/p>\n<p>Odsek plovidbenosti, izme\u0111u ostalog, je odgovoran za po\u010detno odobrenje i kontinuirani nadzor organizacija za odr\u017eavanje vazduhoplova (Deo-145 i Deo-M Odeljak F), organizacija za obezbe\u0111ivanje kontinuirane plovidbenosti (CAMO) i organizacija za obuku osoblja za odr\u017eavanje vazduhoplova (Deo-147). \u0160tavi\u0161e, odsek vr\u0161i procenu plovidbenosti i izdaje uverenje o plovidbenosti (CofA) i potvrde o proveri plovidbenosti (ARC).<\/p>\n<p>Operacije Odseka plovidbenosti su zasnovanje na Uredbi 03\/2009 (EC Reg. 216\/2008), Uredbi 4\/2009 (EC Reg. 1702\/2003) i Uredbi 5\/2009 (EC Reg. 2042\/2003).<\/p>\n<p>Uredba 03\/2009 (Osnovna Uredba 216\/2008) pokriva osnovna pravila u oblasti civilnog vazduhoplovstva i osnovne zahteve plovidbenosti, Uredba 4\/2009 (EC Reg. 1702\/2003 Deo-21) utvr\u0111uje implementaciona pravila sprovo\u0111enja za sertifikaciju vazduhoplova i proizvoda vezanih za njih, delova i ure\u0111aja, u oblasti plovidbenosti i za\u0161tite \u017eivotne sredine, kao i za odobravanje organizacija za projektovanje i organizacija za proizvodnju, dok Uredba 5\/2009 (EC Reg. 2042\/2003 Deo-M, Deo-145, Deo-66 i Deo-147) utvr\u0111uje implementaciona pravila sprovo\u0111enja za kontinuiranu plovidbenost vazduhoplova i vazduhoplovnih proizvoda, delova i ure\u0111aja i o odobravanju organizacija i osoblja koji se bave ovim poslovima.<\/p>\n<p>Odsek plovidbenosti vr\u0161i funkcije u vezi:<\/p>\n<ul>\n<li>Sertifikacije organizacija za odr\u017eavanje vazduhoplova i komponenti vazduhoplova kao i sertifikaciju uskla\u0111enosti sa utvr\u0111enim zahtevima;<\/li>\n<li>Sertifikacije organizacija za obezbe\u0111ivanje kontinuirane plovidbenosti vazduhoplova i sertifikaciju uskla\u0111enosti sa utvr\u0111enim zahtevima;<\/li>\n<li>Sertifikacije organizacija za obuku osoblja za odr\u017eavanje vazduhoplova (Deo-147) i licenciranje osoblja za odr\u017eavanje (Deo-66);<\/li>\n<li>Odobrenje programa odr\u017eavanja vazduhoplova;<\/li>\n<li>Odobrenje Liste minimalne ispravnosti opreme (MEL) i Tehni\u010dke knjige vazduhoplova (ATL) u okviru nadle\u017enosti Odseka;<\/li>\n<li>Du\u017enosti vezane za odobravanje vazdu\u0161nih prevozioca i njihovu sertifikaciju i druga specijalna odobravanja vazdu\u0161nih prevozioca (RVSM, CAT II, CAT III, MNPS, ETOPS, RNAV, itd.) u okviru nadle\u017enosti Odseka;<\/li>\n<li>Sprovo\u0111enja kontinuirane kontrole nad svim nosiocima sertifikata kako bi se obezbedilo uskla\u0111enost sa utvr\u0111enim zahtevima.<\/li>\n<\/ul>\n","protected":false},"excerpt":{"rendered":"<p>Deo veb-sajta o plovidbenosti sadr\u017ei propisane zahteve o izdavanju sertifikata i odobrenja koja su potrebni da bi vazduhoplov registrovan na&#8230;<\/p>\n","protected":false},"author":14,"featured_media":0,"parent":246,"menu_order":0,"comment_status":"closed","ping_status":"closed","template":"","meta":[],"_links":{"self":[{"href":"https:\/\/caa.rks-gov.net\/sr\/wp-json\/wp\/v2\/pages\/263"}],"collection":[{"href":"https:\/\/caa.rks-gov.net\/sr\/wp-json\/wp\/v2\/pages"}],"about":[{"href":"https:\/\/caa.rks-gov.net\/sr\/wp-json\/wp\/v2\/types\/page"}],"author":[{"embeddable":true,"href":"https:\/\/caa.rks-gov.net\/sr\/wp-json\/wp\/v2\/users\/14"}],"replies":[{"embeddable":true,"href":"https:\/\/caa.rks-gov.net\/sr\/wp-json\/wp\/v2\/comments?post=263"}],"version-history":[{"count":1,"href":"https:\/\/caa.rks-gov.net\/sr\/wp-json\/wp\/v2\/pages\/263\/revisions"}],"predecessor-version":[{"id":264,"href":"https:\/\/caa.rks-gov.net\/sr\/wp-json\/wp\/v2\/pages\/263\/revisions\/264"}],"up":[{"embeddable":true,"href":"https:\/\/caa.rks-gov.net\/sr\/wp-json\/wp\/v2\/pages\/246"}],"wp:attachment":[{"href":"https:\/\/caa.rks-gov.net\/sr\/wp-json\/wp\/v2\/media?parent=263"}],"curies":[{"name":"wp","href":"https:\/\/api.w.org\/{rel}","templated":true}]}}