{"id":255,"date":"2015-09-03T12:56:11","date_gmt":"2015-09-03T12:56:11","guid":{"rendered":"http:\/\/caa.rks-gov.net\/?page_id=255&#038;lang=sr"},"modified":"2016-10-13T12:54:03","modified_gmt":"2016-10-13T12:54:03","slug":"letacke-operacije","status":"publish","type":"page","link":"https:\/\/caa.rks-gov.net\/sr\/letacke-operacije-i-plovidbenost\/letacke-operacije\/","title":{"rendered":"Leta\u010dke operacije"},"content":{"rendered":"<p>Vazdu\u0161ni operateri koji \u017eele da vr\u0161e vazdu\u0161ne operacije u Republici Kosovo moraju da pribave i poseduju va\u017ee\u0107i Sertifikat Vazdu\u0161nog Operatera (AOC) izdat od strane ACV-a.<\/p>\n<p>Da bi obezbedili neophodne sertifikate i licence, vazdu\u0161ni operateri moraju da ispune pravne i operativne uslove navedenih u kosovskom, evropskom i ICAO zakonodavstvu. ACV je tako\u0111e nadle\u017eno telo za gonjenje i upravni postupak ukoliko se ne po\u0161tuju relevantni propisi.<\/p>\n<p>Odsek Leta\u010dkih operacija vr\u0161i nadzor vazdu\u0161nih operatera putem procene op\u0161tih leta\u010dkih operacija, uklju\u010duju\u0107i priru\u010dnike za operacije i sisteme kvaliteta. Sve licence za vazdu\u0161ne operacije podle\u017eu odobrenju i kontroli Odseka. Odsek leta\u010dkih operacija nadgleda privrednu i privatnu avijaciju. Vr\u0161e se procene tehni\u010dkih preleta, kao i tehni\u010dke procene kosovskih i stranih vazduhoplova. Osim toga, inspektori leta\u010dkih operacija monitori\u0161u specifi\u010dne letove i potvr\u0111uje da li se isti sprovode u skladu sa va\u017ee\u0107im propisima.<\/p>\n<p>Sertifikacija odnosi se na kompanije privredne avijacije u skladu sa odredbama Uredbe br. 6\/2009 (EU-OPS). Sertifikacija obuhvata i vr\u0161i funkcije u vezi:<\/p>\n<ul>\n<li>Izdavanja, produ\u017eenja roka va\u017eenja i izmene Sertifikata Vazdu\u0161nih Operatera kao i relevantna specijalna odobrenja (CAT II, CAT III, LVTO, MNPS, ETOPS, RNAV, RNP, opasne robe, osnovna obuka leta\u010dke posade o bezbednosti kao i testiranje);<\/li>\n<li>Izdavanja odobrenja za vr\u0161enje drugih komercijalnih operacija, uklju\u010duju\u0107i pru\u017eanje usluga iz vazduha;<\/li>\n<li>Izdavanja Sertifikata Vazdu\u0161nog Operatera za nekomercijalne operacije sa kompleksnim vazduhoplovom na motorni pogon;<\/li>\n<li>Sara\u0111uje sa Ministarstvom infrastrukture u postupcima za izdavanje operativnih licenci za komercijalne vazdu\u0161ne prevoznike;<\/li>\n<li>Sprovo\u0111enje kontinuiranog monitorisanja uskla\u0111enosti sa predvi\u0111enim uslovima i nadzor bezbednosti operacija;<\/li>\n<li>Bezbednosna Procena Stranih Vazduhoplova (SAFA).<\/li>\n<\/ul>\n<p>Ovaj deo tako\u0111e sadr\u017ei sve relevantne informacije za operacije komercijalnih helikoptera, i obuhvata usluge iz vazduha, no\u0107ne operacije, nekomercijalne operacije kao i prate\u0107i pravni okvir.<\/p>\n","protected":false},"excerpt":{"rendered":"<p>Vazdu\u0161ni operateri koji \u017eele da vr\u0161e vazdu\u0161ne operacije u Republici Kosovo moraju da pribave i poseduju va\u017ee\u0107i Sertifikat Vazdu\u0161nog Operatera&#8230;<\/p>\n","protected":false},"author":14,"featured_media":0,"parent":246,"menu_order":0,"comment_status":"closed","ping_status":"closed","template":"","meta":[],"_links":{"self":[{"href":"https:\/\/caa.rks-gov.net\/sr\/wp-json\/wp\/v2\/pages\/255"}],"collection":[{"href":"https:\/\/caa.rks-gov.net\/sr\/wp-json\/wp\/v2\/pages"}],"about":[{"href":"https:\/\/caa.rks-gov.net\/sr\/wp-json\/wp\/v2\/types\/page"}],"author":[{"embeddable":true,"href":"https:\/\/caa.rks-gov.net\/sr\/wp-json\/wp\/v2\/users\/14"}],"replies":[{"embeddable":true,"href":"https:\/\/caa.rks-gov.net\/sr\/wp-json\/wp\/v2\/comments?post=255"}],"version-history":[{"count":4,"href":"https:\/\/caa.rks-gov.net\/sr\/wp-json\/wp\/v2\/pages\/255\/revisions"}],"predecessor-version":[{"id":5095,"href":"https:\/\/caa.rks-gov.net\/sr\/wp-json\/wp\/v2\/pages\/255\/revisions\/5095"}],"up":[{"embeddable":true,"href":"https:\/\/caa.rks-gov.net\/sr\/wp-json\/wp\/v2\/pages\/246"}],"wp:attachment":[{"href":"https:\/\/caa.rks-gov.net\/sr\/wp-json\/wp\/v2\/media?parent=255"}],"curies":[{"name":"wp","href":"https:\/\/api.w.org\/{rel}","templated":true}]}}