{"id":251,"date":"2015-09-03T12:51:27","date_gmt":"2015-09-03T12:51:27","guid":{"rendered":"http:\/\/caa.rks-gov.net\/?page_id=251&#038;lang=sr"},"modified":"2018-09-03T09:33:09","modified_gmt":"2018-09-03T07:33:09","slug":"ekonomska-regulacija","status":"publish","type":"page","link":"https:\/\/caa.rks-gov.net\/sr\/ekonomska-regulacija\/","title":{"rendered":"Ekonomska Regulacija Aviacije"},"content":{"rendered":"<p>ACV obezbe\u0111uje da politike aerodroma i Pru\u017eaoca usluga u vazdu\u0161noj navigaciji (PUVN) u postavljanju cena ne diskrimini\u0161u bez razloga bilo koju klasu korisnika aerodroma ili usluga vazdu\u0161ne navigacije, ili da ne koriste nepravedno njihov uslovljavaju\u0107i polo\u017eaj u odnosu na korisnike zbog njihovog monopola. Ova odgovornost se ispunjava kroz procenu i odobravanje aerodromskih tarifa i tarifa pru\u017eaoca usluga u vazdu\u0161noj navigaciji, osiguravaju\u0107i da su u skladu sa principima ICAO o ne-diskriminaciji, transparentnosti, vezano za tro\u0161kove i konsultacije sa korisnicima kao i u skladu sa odgovaraju\u0107em zakonodavstvu EU u oblasti ekonomske regulacije aerodroma i pru\u017eaoca usluga u vazdu\u0161noj navigaciji.<\/p>\n<p>ACV tako\u0111e obezbe\u0111uje da su operateri koji apliciraju za pru\u017eanje usluga na zemlji na aerodromima Republike Kosova finansijski odr\u017eivi.<\/p>\n","protected":false},"excerpt":{"rendered":"<p>ACV obezbe\u0111uje da politike aerodroma i Pru\u017eaoca usluga u vazdu\u0161noj navigaciji (PUVN) u postavljanju cena ne diskrimini\u0161u bez razloga bilo&#8230;<\/p>\n","protected":false},"author":14,"featured_media":0,"parent":0,"menu_order":0,"comment_status":"open","ping_status":"closed","template":"","meta":[],"_links":{"self":[{"href":"https:\/\/caa.rks-gov.net\/sr\/wp-json\/wp\/v2\/pages\/251"}],"collection":[{"href":"https:\/\/caa.rks-gov.net\/sr\/wp-json\/wp\/v2\/pages"}],"about":[{"href":"https:\/\/caa.rks-gov.net\/sr\/wp-json\/wp\/v2\/types\/page"}],"author":[{"embeddable":true,"href":"https:\/\/caa.rks-gov.net\/sr\/wp-json\/wp\/v2\/users\/14"}],"replies":[{"embeddable":true,"href":"https:\/\/caa.rks-gov.net\/sr\/wp-json\/wp\/v2\/comments?post=251"}],"version-history":[{"count":3,"href":"https:\/\/caa.rks-gov.net\/sr\/wp-json\/wp\/v2\/pages\/251\/revisions"}],"predecessor-version":[{"id":7979,"href":"https:\/\/caa.rks-gov.net\/sr\/wp-json\/wp\/v2\/pages\/251\/revisions\/7979"}],"wp:attachment":[{"href":"https:\/\/caa.rks-gov.net\/sr\/wp-json\/wp\/v2\/media?parent=251"}],"curies":[{"name":"wp","href":"https:\/\/api.w.org\/{rel}","templated":true}]}}