{"id":246,"date":"2015-08-18T07:02:40","date_gmt":"2015-08-18T07:02:40","guid":{"rendered":"http:\/\/caa.rks-gov.net\/?page_id=246&#038;lang=sr"},"modified":"2016-10-13T12:53:32","modified_gmt":"2016-10-13T12:53:32","slug":"letacke-operacije-i-plovidbenost","status":"publish","type":"page","link":"https:\/\/caa.rks-gov.net\/sr\/letacke-operacije-i-plovidbenost\/","title":{"rendered":"Leta\u010dke operacije i plovidbenost"},"content":{"rendered":"<p>Ova stranica spaja stru\u010dnost odseka Leta\u010dkih operacija i Plovidbenosti iz Odeljenja za sigurnost letenja u okviru ACV-a i po potrebi pru\u017ea korisne linkove drugih organizacija.<\/p>\n<p>Ova stranica sadr\u017ei sve neophodne informacije u vezi sertifikacija i nadzora u vezi letenja sa avionima, helikopterima i drugim sredstvima vazdu\u0161nog saobra\u0107aja. Ovde \u0107ete tako\u0111e na\u0107i informacije u vezi prevoza opasnih roba, pru\u017eanja usluga iz vazduha, rekreativnog letenja, organizacija za osposobljavanje vazduhoplovnog osoblja, propisa za registraciju vazduhoplova i propisa u vezi <span style=\"color: #3366ff;\">Bezbednosne procene stranih vazduhoplova (SAFA)<\/span>.<\/p>\n<p>Svrha ove stranice je pru\u017eiti celokupni pregled u vezi sertifikacije, operacije i odr\u017eavanje vazduhoplova i da naglasi va\u017ena pitanja sigurnosti.<\/p>\n<p>Levo\u00a0navedene oblasti obuhvataju strukturu va\u017ee\u0107ih propisa kojih se vazduhoplovna industrija mora pridr\u017eavati, informacije o zahtevima kao i relevantna uputstva.<\/p>\n","protected":false},"excerpt":{"rendered":"<p>Ova stranica spaja stru\u010dnost odseka Leta\u010dkih operacija i Plovidbenosti iz Odeljenja za sigurnost letenja u okviru ACV-a i po potrebi&#8230;<\/p>\n","protected":false},"author":14,"featured_media":0,"parent":0,"menu_order":0,"comment_status":"open","ping_status":"closed","template":"","meta":[],"_links":{"self":[{"href":"https:\/\/caa.rks-gov.net\/sr\/wp-json\/wp\/v2\/pages\/246"}],"collection":[{"href":"https:\/\/caa.rks-gov.net\/sr\/wp-json\/wp\/v2\/pages"}],"about":[{"href":"https:\/\/caa.rks-gov.net\/sr\/wp-json\/wp\/v2\/types\/page"}],"author":[{"embeddable":true,"href":"https:\/\/caa.rks-gov.net\/sr\/wp-json\/wp\/v2\/users\/14"}],"replies":[{"embeddable":true,"href":"https:\/\/caa.rks-gov.net\/sr\/wp-json\/wp\/v2\/comments?post=246"}],"version-history":[{"count":6,"href":"https:\/\/caa.rks-gov.net\/sr\/wp-json\/wp\/v2\/pages\/246\/revisions"}],"predecessor-version":[{"id":5094,"href":"https:\/\/caa.rks-gov.net\/sr\/wp-json\/wp\/v2\/pages\/246\/revisions\/5094"}],"wp:attachment":[{"href":"https:\/\/caa.rks-gov.net\/sr\/wp-json\/wp\/v2\/media?parent=246"}],"curies":[{"name":"wp","href":"https:\/\/api.w.org\/{rel}","templated":true}]}}