{"id":242,"date":"2015-08-18T12:37:45","date_gmt":"2015-08-18T12:37:45","guid":{"rendered":"http:\/\/caa.rks-gov.net\/?page_id=242&#038;lang=sr"},"modified":"2015-11-26T10:11:28","modified_gmt":"2015-11-26T10:11:28","slug":"licenciranje-osoblja","status":"publish","type":"page","link":"https:\/\/caa.rks-gov.net\/sr\/licenciranje-osoblja\/","title":{"rendered":"Licenciranje osoblje"},"content":{"rendered":"<p>Svako ko \u017eeli da postane pilot, bilo pilot aviona, helikoptera, ultralakih vazduhoplova, jedrelica ili balona na vru\u0107 vazduh, mora da pro\u0111e jasno definisanu putanju obuke. Ovo obuhvata teoretske lekcije kao i prakti\u010dnu obuku za odgovaraju\u0107i vazduhoplov. Obuka se zavr\u0161ava sa ispitom. Nakon osnovne obuke, piloti mogu da poha\u0111aju dodatnu obuku da postanu instruktori, privatni piloti ili komercijalni piloti.<\/p>\n<p>ACV je odgovoran za izdavanje, produ\u017eavanje i stavljanje van snage dozvola vazduhoplovnog osoblja &#8211; leta\u010dkog osoblja i ne-pilotnog osoblja.<\/p>\n<p>Dozvole se izdaju na osnovu zavr\u0161enih programa obuke koji se sprovode za svaku vrstu vazduhoplovnog osoblja, nakon temeljnog procesa ispitivanja. Nakon prvog izdavanja, dozvole se produ\u017eavaju nakon odre\u0111enog vremenskog perioda, kako je predvi\u0111eno odgovarajuc\u0301im uredbama. Detalji o pravilima za ovu vrstu delatnosti mogu se na\u0107i odvojeno za svaku vrstu vazduhoplovnog osoblja klikom na ime delatnosti. Dalji detalji o regulisanju ove oblasti mogu se na\u0107i u Uredbi br. 7\/2009 o dozvolama i ovla\u0161\u0107enjima za vazduhoplovno osoblje &#8211; pilote aviona i u Uredbi br. 4\/2010 o dozvolama i ovla\u0161\u0107enjima za vazduhoplovno osoblje &#8211; pilote helikoptera.<\/p>\n<p>Odsek vazduhoplovnog osoblja vr\u0161i postupke vezane za:<\/p>\n<ul>\n<li>Nadgledanje i ocenjivanje sprovo\u0111enja me\u0111unarodnih propisa, standarda i postupka u okviru njegovog delokruga;<\/li>\n<li>U\u010de\u0161\u0107e u harmonizaciji propisa sa me\u0111unarodnim propisima i standardima;<\/li>\n<li>Nadgledanje i obezbe\u0111ivanje sprovo\u0111enja obavezaju\u0107ih me\u0111unarodnih standarda u Republici Kosova;<\/li>\n<li>Vr\u0161enje administrativnih i tehni\u010dko-stru\u010dnih zadataka vezanih za izdavanje dozvola i ovla\u0161c\u0301enja vazduhoplovnog osoblja;<\/li>\n<li>Izrada obrazaca i procedura za izdavanje, produ\u017eavanje roka, i obnavljanje dozvola i ovla\u0161\u0107enja vazduhoplovnog osoblja;<\/li>\n<li>Odobrenje programa obuke i provera stru\u010dnih sposobnosti;<\/li>\n<li>Imenovanje odbora i ispitiva\u010da za odr\u017eavanje ispita za vazduhoplovnog osoblja;<\/li>\n<li>Organizovanje i odr\u017eavanje ispita za leta\u010dko osoblje i osoblje za odr\u017eavanje vazduhoplova;<\/li>\n<li>Stvaranje spiska eksperata za odr\u017eavanje ispita i obavljanje overavanja za vazduhoplovno osoblje;<\/li>\n<li>Stvaranje spiska stru\u010dnjaka za lekarske procene vazduhoplovnog osoblja;<\/li>\n<li>Upravljanje i kontrola Centralne Banke pitanja za ispite za leta\u010dko osoblje i osoblje za odr\u017eavanje vazduhoplova;<\/li>\n<li>Vo\u0111enje registra vazduhoplovnog osoblja, ovla\u0161c\u0301enih ispitiva\u010da, odobrenih organizacija za obuku vazduhoplovnog osoblja i pravnih lica ovla\u0161\u0107enih za utvr\u0111ivanje zdravstvene sposobnosti;<\/li>\n<li>Sprovo\u0111enje inspekcija i nadzora, izdavanje i ukidanje ovla\u0161\u0107enja za organizacije za obuku vazduhoplovnog osoblja;<\/li>\n<li>Kontrola odobrenih bezbednosnih postupaka, programa i sistema kvaliteta organizacija za obuku vazduhoplovnog osoblja.<\/li>\n<\/ul>\n<h2><strong>Deo FCL<\/strong><\/h2>\n<p>Nova Uredba EZ-a koja rukovodi FCL \u0107e stupiti na snagu u aprilu 2012, \u0161ta \u0107e uticati na nosioce pilotskih dozvola. Uredba je poznata kao Deo FCL.<\/p>\n","protected":false},"excerpt":{"rendered":"<p>Svako ko \u017eeli da postane pilot, bilo pilot aviona, helikoptera, ultralakih vazduhoplova, jedrelica ili balona na vru\u0107 vazduh, mora da&#8230;<\/p>\n","protected":false},"author":14,"featured_media":0,"parent":0,"menu_order":0,"comment_status":"open","ping_status":"closed","template":"","meta":[],"_links":{"self":[{"href":"https:\/\/caa.rks-gov.net\/sr\/wp-json\/wp\/v2\/pages\/242"}],"collection":[{"href":"https:\/\/caa.rks-gov.net\/sr\/wp-json\/wp\/v2\/pages"}],"about":[{"href":"https:\/\/caa.rks-gov.net\/sr\/wp-json\/wp\/v2\/types\/page"}],"author":[{"embeddable":true,"href":"https:\/\/caa.rks-gov.net\/sr\/wp-json\/wp\/v2\/users\/14"}],"replies":[{"embeddable":true,"href":"https:\/\/caa.rks-gov.net\/sr\/wp-json\/wp\/v2\/comments?post=242"}],"version-history":[{"count":2,"href":"https:\/\/caa.rks-gov.net\/sr\/wp-json\/wp\/v2\/pages\/242\/revisions"}],"predecessor-version":[{"id":3001,"href":"https:\/\/caa.rks-gov.net\/sr\/wp-json\/wp\/v2\/pages\/242\/revisions\/3001"}],"wp:attachment":[{"href":"https:\/\/caa.rks-gov.net\/sr\/wp-json\/wp\/v2\/media?parent=242"}],"curies":[{"name":"wp","href":"https:\/\/api.w.org\/{rel}","templated":true}]}}