{"id":236,"date":"2015-08-18T14:11:29","date_gmt":"2015-08-18T14:11:29","guid":{"rendered":"http:\/\/caa.rks-gov.net\/?page_id=236&#038;lang=sr"},"modified":"2016-06-14T23:28:50","modified_gmt":"2016-06-14T23:28:50","slug":"aerodromi","status":"publish","type":"page","link":"https:\/\/caa.rks-gov.net\/sr\/aerodromi\/","title":{"rendered":"Aerodromi"},"content":{"rendered":"<p>Odeljenje za aerodrome je odgovorno za regulisanje aerodroma, sprovo\u0111enje odgovaraju\u0107ih regulativa u Republici Kosovo i izvr\u0161avanje aerodromskih standarda izdanih u odgovaraju\u0107im Aneksima Konvencije Me\u0111unarodnog Civilnog Vazduhoplovstva. Ovo odeljnenje je odgovorno i za pitanja okoline u blizini aerodroma kao \u0161to je nadzor nad divljim \u017eivotinjama, kori\u0161\u0107enje zemlji\u0161ta, buka i za\u0161tita aerodroma.<\/p>\n<p>Odeljenje za aerodrome je zadu\u017eeno za izdavanje dokumenata o politikama aerodroma i vazduhoplovnih pristani\u0161ta, pobolj\u0161anje i podsticanje priru\u010dnika za interenu i industrijsku upotrebu pomo\u0107u kojih se obezbe\u0111uje sigurna vazduhoplovna sredina i tako\u0111e nastoji stalno pobolj\u0161anje vazduhoplovnih sigurnosnih standarda u Kosovu. Ovo odeljenje osigurava da su informacije o aerodromu objavljene u Zborniku vazduhoplovnih podataka (AIP).<\/p>\n<p>Regulatorni i sigurnosni nadzor na aerodrimima posti\u017ee se pomo\u0107u certifikacije aerodroma koji pru\u017ea usluge me\u0111unarodnog saobra\u0107aja, vr\u0161enja revizije i inspekcije, kao i pra\u0107enja aktivnosti za obezbe\u0111enje i potvr\u0111ivanje revizije.<\/p>\n","protected":false},"excerpt":{"rendered":"<p>Odeljenje za aerodrome je odgovorno za regulisanje aerodroma, sprovo\u0111enje odgovaraju\u0107ih regulativa u Republici Kosovo i izvr\u0161avanje aerodromskih standarda izdanih u&#8230;<\/p>\n","protected":false},"author":14,"featured_media":0,"parent":0,"menu_order":0,"comment_status":"open","ping_status":"closed","template":"","meta":[],"_links":{"self":[{"href":"https:\/\/caa.rks-gov.net\/sr\/wp-json\/wp\/v2\/pages\/236"}],"collection":[{"href":"https:\/\/caa.rks-gov.net\/sr\/wp-json\/wp\/v2\/pages"}],"about":[{"href":"https:\/\/caa.rks-gov.net\/sr\/wp-json\/wp\/v2\/types\/page"}],"author":[{"embeddable":true,"href":"https:\/\/caa.rks-gov.net\/sr\/wp-json\/wp\/v2\/users\/14"}],"replies":[{"embeddable":true,"href":"https:\/\/caa.rks-gov.net\/sr\/wp-json\/wp\/v2\/comments?post=236"}],"version-history":[{"count":3,"href":"https:\/\/caa.rks-gov.net\/sr\/wp-json\/wp\/v2\/pages\/236\/revisions"}],"predecessor-version":[{"id":4549,"href":"https:\/\/caa.rks-gov.net\/sr\/wp-json\/wp\/v2\/pages\/236\/revisions\/4549"}],"wp:attachment":[{"href":"https:\/\/caa.rks-gov.net\/sr\/wp-json\/wp\/v2\/media?parent=236"}],"curies":[{"name":"wp","href":"https:\/\/api.w.org\/{rel}","templated":true}]}}