{"id":1016,"date":"2015-10-06T07:29:20","date_gmt":"2015-10-06T07:29:20","guid":{"rendered":"http:\/\/caa.rks-gov.net\/?page_id=1016&#038;lang=sr"},"modified":"2023-11-16T12:24:23","modified_gmt":"2023-11-16T10:24:23","slug":"kontakt","status":"publish","type":"page","link":"https:\/\/caa.rks-gov.net\/sr\/kontakt\/","title":{"rendered":"Kontakt"},"content":{"rendered":"\n<div class=\"wp-block-columns\">\n<div class=\"wp-block-column\">\n<iframe src=\"https:\/\/www.google.com\/maps\/embed?pb=!1m18!1m12!1m3!1d1013.2774769976048!2d21.166289723448166!3d42.66506203741051!2m3!1f0!2f0!3f0!3m2!1i1024!2i768!4f13.1!3m3!1m2!1s0x13549f200fa2d189%3A0xb0012b3dd1625bdf!2sZejnel%20Salihu%2C%20Prishtin%C3%AB!5e1!3m2!1sen!2s!4v1638872154474!5m2!1sen!2s\" width=\"100%\" height=\"300\" style=\"border:0;\" allowfullscreen=\"\" loading=\"lazy\"><\/iframe>\n<\/div>\n<\/div>\n\n\n<p><strong>PO\u0160TANSKA ADRESA:<\/strong><\/p>\n<p>Autoritet Civilnog Vazduhoplovstva<br>Ul. Zejnel Salihu br. 22<br>10000 Pri\u0161tina<br>Republika Kosovo<\/p>\n<p>Tel: +383 (0)38 200 74 278<br>Fax: +383 (0)38 211 009<\/p>\n<p><strong>Slu\u017ebenik za odnose sa javno\u0161c\u0301u:<\/strong><\/p>\n<p>Tel: +383 (0)38 200 74 251<strong><br><\/strong>E-mail: <a href=\"mailto:infocaa@caa-ks.org\">infocaa@caa-ks.org<\/a><\/p>\n<hr>\n<p><strong>RADNO VREME:<\/strong><\/p>\n<p>Ponedeljak &#8211; Petak<br>08:00 &#8211; 16:00<\/p>\n<hr>\n<p><strong>SAOBRAC\u0301AJNA PRAVA (odobrenja letova):<\/strong><\/p>\n<p>Molimo da nas kontaktirate na: <a href=\"mailto:flight.approval@rks-gov.net\">flight.approval@rks-gov.net<\/a>, ili na: +383 (0)38 200 74 270 ili: 74 271.<br>Zahtevi se mogu slati od ponedeljka do petka, 08:00-16:00 po lokalnom vremenu.<\/p>\n<p><strong>PRAVA PUTNIKA:<\/strong><\/p>\n<p>Molimo da kontaktirate: <a href=\"https:\/\/mit-ks.net\/sr\/aviacioni-civil\">Ministarstvo \u017eivotne sredine, prostornog planiranja i infrastrukture (M\u017dSPPI)<\/a>.<\/p>\n<p><strong>GAT-VFR dozvole:<\/strong><\/p>\n<p>Za letove GAT-VFR molimo da nas kontaktirate na: <a href=\"mailto:gat@caa-ks.org\">gat@caa-ks.org<\/a> ili na: +383 (0)38 200 74 259.<br>Zahtev za ove letove vr\u0161i se samo tokom radnog vremena, od ponedeljka do petka, 08:00-16:00 \u010dasova.<\/p>\n<p><strong>ODOBRENJE OPERACIJA DONOVA:&nbsp;<\/strong><\/p>\n<p>Za odobrenja operacija sa bespilotnim letelicama (dronovima) molimo da nas kontaktirate na: <a href=\"mailto:drones@caa-ks.org\">drones@caa-ks.org<\/a> ili na: +383 (0)38 200 74 261 ili: 74 255, ili pogledajte <a href=\"https:\/\/caa.rks-gov.net\/sr\/rpas\/\">stranicu o dronovima (RPAS)<\/a>. <br>Prijave za ova odobrenja vr\u0161e se samo tokom radnog vremena, od ponedeljka do petka, 08:00-16:00 \u010dasova.<\/p>\n<p><strong>IZVE\u0160TAVANJE O HITNIM SLU\u010cAJEVIMA U VAZDUHOPLOVSTVU:<\/strong><\/p>\n<p>U slu\u010dajevima vanrednih situacija u vazduhoplovstvu, koji ne uklju\u010duju gorenavedene slu\u010dajeve<strong>, Komisija za istra\u017eivanje vazduhoplovnih nesre\u0107a i incidenata (KIVNI)<\/strong> je dostupna 24\/7 za hitne reakcije, a svako obave\u0161tenje o vazduhoplovnoj nesrec\u0301i ili incidentu mo\u017ee se prijaviti direktno na broj ili putem e-po\u0161te KIVNI:<\/p>\n<p>Tel: 0800 90000<br>Tel: +383 (0)45 356 666<br>E-mail: <a href=\"mailto:KHAIA@rks-gov.net\">khaia@rks-gov.net<\/a><\/p>\n<hr>\n<p><strong>KONTAKTIRAJ NAS:<\/strong><\/p>\n\n\n<p><\/p>\n","protected":false},"excerpt":{"rendered":"<p>PO\u0160TANSKA ADRESA: Autoritet Civilnog VazduhoplovstvaUl. Zejnel Salihu br. 2210000 Pri\u0161tinaRepublika Kosovo Tel: +383 (0)38 200 74 278Fax: +383 (0)38 211&#8230;<\/p>\n","protected":false},"author":14,"featured_media":0,"parent":0,"menu_order":0,"comment_status":"closed","ping_status":"closed","template":"template-contact.php","meta":[],"_links":{"self":[{"href":"https:\/\/caa.rks-gov.net\/sr\/wp-json\/wp\/v2\/pages\/1016"}],"collection":[{"href":"https:\/\/caa.rks-gov.net\/sr\/wp-json\/wp\/v2\/pages"}],"about":[{"href":"https:\/\/caa.rks-gov.net\/sr\/wp-json\/wp\/v2\/types\/page"}],"author":[{"embeddable":true,"href":"https:\/\/caa.rks-gov.net\/sr\/wp-json\/wp\/v2\/users\/14"}],"replies":[{"embeddable":true,"href":"https:\/\/caa.rks-gov.net\/sr\/wp-json\/wp\/v2\/comments?post=1016"}],"version-history":[{"count":34,"href":"https:\/\/caa.rks-gov.net\/sr\/wp-json\/wp\/v2\/pages\/1016\/revisions"}],"predecessor-version":[{"id":13427,"href":"https:\/\/caa.rks-gov.net\/sr\/wp-json\/wp\/v2\/pages\/1016\/revisions\/13427"}],"wp:attachment":[{"href":"https:\/\/caa.rks-gov.net\/sr\/wp-json\/wp\/v2\/media?parent=1016"}],"curies":[{"name":"wp","href":"https:\/\/api.w.org\/{rel}","templated":true}]}}