{"id":9367,"date":"2020-02-12T13:15:42","date_gmt":"2020-02-12T11:15:42","guid":{"rendered":"https:\/\/caa.rks-gov.net\/en\/sinjalizuesit\/"},"modified":"2023-09-22T15:37:30","modified_gmt":"2023-09-22T13:37:30","slug":"whistleblowers","status":"publish","type":"page","link":"https:\/\/caa.rks-gov.net\/en\/whistleblowers\/","title":{"rendered":"Whistleblowers"},"content":{"rendered":"<p>Autoriteti i Aviacionit Civil i Kosov\u00ebs n\u00eb baz\u00eb t\u00eb Ligjit Nr. 06L-085 p\u00ebr mbrojtjen e sinjalizuesve ka caktuar zyrtarin p\u00ebrgjegj\u00ebs brenda institucionit p\u00ebr ti p\u00ebrmbushur obligimet sipas dispozitave n\u00eb fuqi p\u00ebr \u00e7do veprim p\u00ebr tu informuar m\u00eb holl\u00ebsisht t\u00eb bashk\u00eblidhur n\u00eb link gjeni Udh\u00ebzuesin p\u00ebr Sinjalizim dhe Ligjin p\u00ebr mbrojtje t\u00eb sinjalizuesve.<\/p>\n<p>Zyrtari kontaktues: +383 (0)38 200 74 277<\/p>\n<p>Dokumenta te bashkangjitura:<\/p>\n<ul>\n<li><a href=\"https:\/\/caa.rks-gov.net\/wp-content\/uploads\/2020\/02\/LIGJI_NR._06_L-085___P\u00cbR_MBROJTJEN_E_SINJALIZUESVE.pdf\">LIGJI NR. 06 L-085 P\u00cbR MBROJTJEN E SINJALIZUESVE<\/a><\/li>\n<li><a href=\"https:\/\/caa.rks-gov.net\/wp-content\/uploads\/2020\/02\/Udh\u00ebzues-per-Sinjalizues.pdf\">UDH\u00cbZUES P\u00cbR SINJALIZUES<\/a><\/li>\n<\/ul>\n","protected":false},"excerpt":{"rendered":"<p>Autoriteti i Aviacionit Civil i Kosov\u00ebs n\u00eb baz\u00eb t\u00eb Ligjit Nr. 06L-085 p\u00ebr mbrojtjen e sinjalizuesve ka caktuar zyrtarin p\u00ebrgjegj\u00ebs&#8230;<\/p>\n","protected":false},"author":10,"featured_media":0,"parent":0,"menu_order":0,"comment_status":"closed","ping_status":"closed","template":"","meta":[],"_links":{"self":[{"href":"https:\/\/caa.rks-gov.net\/en\/wp-json\/wp\/v2\/pages\/9367"}],"collection":[{"href":"https:\/\/caa.rks-gov.net\/en\/wp-json\/wp\/v2\/pages"}],"about":[{"href":"https:\/\/caa.rks-gov.net\/en\/wp-json\/wp\/v2\/types\/page"}],"author":[{"embeddable":true,"href":"https:\/\/caa.rks-gov.net\/en\/wp-json\/wp\/v2\/users\/10"}],"replies":[{"embeddable":true,"href":"https:\/\/caa.rks-gov.net\/en\/wp-json\/wp\/v2\/comments?post=9367"}],"version-history":[{"count":2,"href":"https:\/\/caa.rks-gov.net\/en\/wp-json\/wp\/v2\/pages\/9367\/revisions"}],"predecessor-version":[{"id":13101,"href":"https:\/\/caa.rks-gov.net\/en\/wp-json\/wp\/v2\/pages\/9367\/revisions\/13101"}],"wp:attachment":[{"href":"https:\/\/caa.rks-gov.net\/en\/wp-json\/wp\/v2\/media?parent=9367"}],"curies":[{"name":"wp","href":"https:\/\/api.w.org\/{rel}","templated":true}]}}