{"id":1013,"date":"2015-10-06T07:28:38","date_gmt":"2015-10-06T07:28:38","guid":{"rendered":"http:\/\/caa.rks-gov.net\/?page_id=1013&#038;lang=en"},"modified":"2025-11-17T09:52:04","modified_gmt":"2025-11-17T07:52:04","slug":"kontakti","status":"publish","type":"page","link":"https:\/\/caa.rks-gov.net\/en\/kontakti\/","title":{"rendered":"Contact"},"content":{"rendered":"\n<div class=\"wp-block-columns\">\n<div class=\"wp-block-column\">\n<iframe src=\"https:\/\/www.google.com\/maps\/embed?pb=!1m18!1m12!1m3!1d1013.2774769976048!2d21.166289723448166!3d42.66506203741051!2m3!1f0!2f0!3f0!3m2!1i1024!2i768!4f13.1!3m3!1m2!1s0x13549f200fa2d189%3A0xb0012b3dd1625bdf!2sZejnel%20Salihu%2C%20Prishtin%C3%AB!5e1!3m2!1sen!2s!4v1638872154474!5m2!1sen!2s\" width=\"100%\" height=\"300\" style=\"border:0;\" allowfullscreen=\"\" loading=\"lazy\"><\/iframe>\n<\/div>\n<\/div>\n\n\n<p><strong>POSTAL ADRESS:<\/strong><\/p>\n<p>Civil Aviation Authority<br \/>Zejnel Salihu St. 22<br \/>10000 Prishtina<br \/>Republic of Kosovo<\/p>\n<p>Tel: +383 (0)38 200 74 278<br \/>Fax: +383 (0)38 211 009<\/p>\n<p><strong>Public Communication Officer:<\/strong><\/p>\n<p>Tel: +383 (0)38 200 74 251<br \/>E-mail: <a href=\"mailto:infocaa@caa-ks.org\">infocaa@caa-ks.org<\/a><\/p>\n<hr \/>\n<p><strong>OFFICE HOURS:<\/strong><\/p>\n<p>Monday \u2013 Friday<br \/>08:00 &#8211; 16:00<\/p>\n<hr \/>\n<p><span id=\"result_box\" class=\"\" lang=\"en\"><span title=\"T\u00cb DREJTAT E TRAFIKUT (leje p\u00ebr fluturime) \"><strong>TRAFFIC RIGHTS (flight approvals):<br \/><\/strong><\/span><\/span><\/p>\n<p>Please contact us at: <a href=\"mailto:flight.approval@rks-gov.net\">flight.approval@rks-gov.net<\/a>, or on: +383 (0)38 200 74 257 or: 74 255.<br \/>Requests can be sent from Monday to Friday, 08:00-16:00 local time.<\/p>\n<p><span title=\"T\u00cb DREJTAT E UDH\u00cbTAR\u00cbVE \"><strong>PASSENGER RIGHTS:<\/strong><\/span><\/p>\n<p>Please contact: <a href=\"https:\/\/mit-ks.net\/en\/civil-aviation\">Ministry of Environment, Spatial Planning and Infrastructure (MESPI)<\/a>.<\/p>\n<p><span title=\"LEJE P\u00cbR GAT-VFR \"><strong>GAT-VFR PERMITS:<\/strong><\/span><\/p>\n<p><span title=\"P\u00ebr fluturimet GAT-VFR kontaktoni AAC-n\u00eb n\u00eb gat@caa-ks.org ose +383 (0)38 248 629 x 131 ose 125. K\u00ebrkesa p\u00ebr k\u00ebto fluturime b\u00ebhet vet\u00ebm gjat\u00eb orarit t\u00eb pun\u00ebs;\">For GAT-VFR flights please contact us at: <a href=\"mailto:gat@caa-ks.org\">gat@caa-ks.org<\/a> or on: +383 (0)38 200 74 259.<br \/>The request for these flights is done only during working hours, <\/span><span title=\"e h\u00ebne-e premte, 08:00-16:00. \">Monday to Friday, 08:00-16:00.<\/span><\/p>\n<p><span title=\"APROVIMET E OPERIMEVE ME DRON \"><strong>APPROVAL OF DRONE OPERATIONS:<\/strong><\/span><\/p>\n<p><span title=\"P\u00ebr aprovimet e operimeve me Sisteme t\u00eb mjeteve ajrore pa pilot (dron) kontaktoni AAC-n\u00eb n\u00eb +383 38 248 629 x 132 apo vizitoni linkun: https:\/\/caa.rks-gov.net\/rpas\/ .\">For approvals of operations with unmanned aerial vehicles (drone) <span title=\"P\u00ebr fluturimet GAT-VFR kontaktoni AAC-n\u00eb n\u00eb gat@caa-ks.org ose +383 (0)38 248 629 x 131 ose 125. K\u00ebrkesa p\u00ebr k\u00ebto fluturime b\u00ebhet vet\u00ebm gjat\u00eb orarit t\u00eb pun\u00ebs;\">please contact us<\/span> at: <\/span><a href=\"mailto:drones@caa-ks.org\">drones@caa-ks.org<\/a><span title=\"P\u00ebr aprovimet e operimeve me Sisteme t\u00eb mjeteve ajrore pa pilot (dron) kontaktoni AAC-n\u00eb n\u00eb +383 38 248 629 x 132 apo vizitoni linkun: https:\/\/caa.rks-gov.net\/rpas\/ .\"> or on: +383 (0)38 200 74 261 or: 74 255, or see <a href=\"https:\/\/caa.rks-gov.net\/en\/rpas\/\">RPAS page<\/a>.<br \/><\/span><span title=\"K\u00ebrkesa p\u00ebr k\u00ebto aprovime b\u00ebhet vet\u00ebm gjat\u00eb orarit t\u00eb pun\u00ebs;\">Applications for these approvals are made only during working hours, <\/span><span title=\"e h\u00ebne-e premte, 08:00-16:00. \">Monday to Friday, 08:00-16:00.<\/span><\/p>\n<p><strong>REPORTING OF AVIATION EMERGENCIES:<\/strong><\/p>\n<p>In the case of aviation emergencies, which do not include the above mentioned cases, the <strong>Aeronautical Accident and Incident Investigation Commission (AAIIC)<\/strong> is available 24\/7 for emergency <span class=\"fontstyle0\">response<\/span>, and any notification regarding any aeronautical accident or incident can be reported directly via AAIIC phone or electronic mail:<\/p>\n<p>Tel: 0800 90000<br \/>Tel: +383 (0)45 356 666<br \/>E-mail: <a href=\"mailto:khaia@rks-gov.net\">khaia@rks-gov.net<\/a><\/p>\n<hr \/>\n<p><strong>CONTACT US:<\/strong><\/p>\n\n\n<p><\/p>\n","protected":false},"excerpt":{"rendered":"<p>POSTAL ADRESS: Civil Aviation AuthorityZejnel Salihu St. 2210000 PrishtinaRepublic of Kosovo Tel: +383 (0)38 200 74 278Fax: +383 (0)38 211&#8230;<\/p>\n","protected":false},"author":14,"featured_media":0,"parent":0,"menu_order":0,"comment_status":"closed","ping_status":"closed","template":"template-contact.php","meta":[],"_links":{"self":[{"href":"https:\/\/caa.rks-gov.net\/en\/wp-json\/wp\/v2\/pages\/1013"}],"collection":[{"href":"https:\/\/caa.rks-gov.net\/en\/wp-json\/wp\/v2\/pages"}],"about":[{"href":"https:\/\/caa.rks-gov.net\/en\/wp-json\/wp\/v2\/types\/page"}],"author":[{"embeddable":true,"href":"https:\/\/caa.rks-gov.net\/en\/wp-json\/wp\/v2\/users\/14"}],"replies":[{"embeddable":true,"href":"https:\/\/caa.rks-gov.net\/en\/wp-json\/wp\/v2\/comments?post=1013"}],"version-history":[{"count":40,"href":"https:\/\/caa.rks-gov.net\/en\/wp-json\/wp\/v2\/pages\/1013\/revisions"}],"predecessor-version":[{"id":15489,"href":"https:\/\/caa.rks-gov.net\/en\/wp-json\/wp\/v2\/pages\/1013\/revisions\/15489"}],"wp:attachment":[{"href":"https:\/\/caa.rks-gov.net\/en\/wp-json\/wp\/v2\/media?parent=1013"}],"curies":[{"name":"wp","href":"https:\/\/api.w.org\/{rel}","templated":true}]}}